{"id":4839,"date":"2021-05-11T12:26:45","date_gmt":"2021-05-11T10:26:45","guid":{"rendered":"https:\/\/www.clinrealonline.fr\/recherche-clinique\/"},"modified":"2025-05-07T13:28:02","modified_gmt":"2025-05-07T11:28:02","slug":"recherche-clinique","status":"publish","type":"page","link":"https:\/\/www.clinrealonline.fr\/es\/recherche-clinique\/","title":{"rendered":"Investigaci\u00f3n Cl\u00ednica"},"content":{"rendered":"<div class=\"wpb-content-wrapper\"><p>[vc_row][vc_column width=\u00bb3\/12&#8243;][\/vc_column][vc_column width=\u00bb6\/12&#8243;]    <div class=\"clinreal-title \">\n        <h1><span class=\"SquareTitle\">Investigaci\u00f3n cl\u00ednica <\/span><br\/><span><\/span><\/h1>\n    <\/div>\n    [vc_empty_space][vc_column_text el_class=\u00bbintro bold\u00bb]DESCUBRA EL TEST CL\u00edNICO OBSERVACIONAL[\/vc_column_text][vc_column_text css=\u00bb\u00bb]<span style=\"color: #cd897d;\">UN INOVACION CLINREAL EN LA INVESTIGACION CL\u00edNICA, NON INTERVENCIONAL<\/span><\/p>\n<p>El\u00a0<b>Test Cl\u00ednico Observacional<\/b>\u00a0(TCO) se realiza bajo control medical con sujetos, recibidos por el m\u00e9dico, en el marco natural de la consulta. El producto al estudio se aplica en\u00a0<b>condiciones reales de uso<\/b>. Permite consolidar el informe de seguridad en la fase anterior, las alegaciones de marketing m\u00e1s adelante o tambi\u00e9n oportunidades de mercado gracias a un\u00a0<b>protocolo de estudio a medida<\/b>\u00a0de la identidad del producto.[\/vc_column_text][\/vc_column][vc_column width=\u00bb3\/12&#8243;][\/vc_column][\/vc_row][vc_row][vc_column width=\u00bb1\/3&#8243;][\/vc_column][\/vc_row][vc_row gap=\u00bb35&#8243;][vc_column width=\u00bb1\/2&#8243;][vc_empty_space height=\u00bb120px\u00bb][vc_raw_html el_class=\u00bbshadow\u00bb]JTNDdmlkZW8lMjBjb250cm9scyUyMHBvc3RlciUzRCUyMiUyRndwLWNvbnRlbnQlMkZ0aGVtZXMlMkZDbGlucmVhbCUyRmltZyUyRnRjby5wbmclMjIlMjB3aWR0aCUzRCUyMjEwMCUyNSUyMiUzRSUwQSUyMCUyMCUzQ3NvdXJjZSUyMHNyYyUzRCUyMiUyRndwLWNvbnRlbnQlMkZ0aGVtZXMlMkZDbGlucmVhbCUyRmltZyUyRnRjby5tcDQlMjIlMjB0eXBlJTNEJTIydmlkZW8lMkZtcDQlMjIlM0UlMEElMjAlM0Nzb3VyY2UlMjBzcmMlM0QlMjIlMkZ3cC1jb250ZW50JTJGdGhlbWVzJTJGQ2xpbnJlYWwlMkZpbWclMkZ0Y28ud2VibSUyMiUyMHR5cGUlM0QlMjJ2aWRlbyUyRndlYm0lMjIlM0UlMEElMjAlM0Nzb3VyY2UlMjBzcmMlM0QlMjIlMkZ3cC1jb250ZW50JTJGdGhlbWVzJTJGQ2xpbnJlYWwlMkZpbWclMkZ0Y28ub2dnJTIyJTIwdHlwZSUzRCUyMnZpZGVvJTJGb2dnJTIyJTNFJTBBJTIwJTIwJTIwJTNDcCUzRVZvdHJlJTIwbmF2aWdhdGV1ciUyMG5lJTIwcHJlbmQlMjBwYXMlMjBlbiUyMGNoYXJnZSUyMGxlcyUyMHZpZCVDMyVBOW9zJTIwSFRNTDUuJTBBJTIwJTIwJTIwJTIwJTIwVm9pY2klMjAlM0NhJTIwaHJlZiUzRCUyMiUyRndwLWNvbnRlbnQlMkZ0aGVtZXMlMkZDbGlucmVhbCUyRmltZyUyRnFjbS12aWdpbGFuY2UubXA0JTIyJTIwdGFyZ2V0JTNEJTIyX2JsYW5rJTIyJTNFdW4lMjBsaWVuJTIwcG91ciUyMHQlQzMlQTlsJUMzJUE5Y2hhcmdlciUyMGxhJTIwdmlkJUMzJUE5byUzQyUyRmElM0UuJTNDJTJGcCUzRSUwQSUzQyUyRnZpZGVvJTNF[\/vc_raw_html][vc_empty_space height=\u00bb120px\u00bb][\/vc_column][vc_column width=\u00bb1\/2&#8243; css=\u00bb.vc_custom_1620729174974{padding-left: 30px !important;}\u00bb][vc_empty_space height=\u00bb120px\u00bb][vc_column_text el_class=\u00bbgotham text-rose\u00bb]<\/p>\n<h3><strong>Un dispositivo todo terreno<\/strong><\/h3>\n<p>[\/vc_column_text][vc_empty_space][vc_column_text css=\u00bb\u00bb]<b>Grupos objetivos<\/b>: Bebes, ni\u00f1os, adolescentes, j\u00f3venes, mujeres embarazadas, adultos y tercera edad.<\/p>\n<p>&nbsp;<\/p>\n<p><b>Productos<\/b>\u00a0o cuidados: Anti-edad, anti-acn\u00e9, adelgazantes, solar, capilar, faneras, bucodental, labial, entre otros.<\/p>\n<p>&nbsp;<\/p>\n<p><b>Embarazo<\/b>: Estr\u00edas, lactancia, mastalgia\u2026[\/vc_column_text][vc_column_text css=\u00bb\u00bb]<b>Indicaciones Espec\u00edficas<\/b>: Dermatitis del pa\u00f1al, dermatitis at\u00f3pica, dermatitis seborreica en lactantes y adultos, acn\u00e9, xerosis, ictiosis, hiperqueratosis, eritrosis, melasma, hiperpigmentaci\u00f3n, blanqueamiento, menopausia, dermatitis perioral, prurito senil, piel sensible o intolerante, cicatrizaci\u00f3n\u2026[\/vc_column_text][vc_empty_space height=\u00bb20px\u00bb][vc_column_text css=\u00bb\u00bb]<b>Ahorro<\/b>\u00a0(corticoides, BPO), Recidiva, Calidad de Vida (CdV), \u2026[\/vc_column_text][\/vc_column][\/vc_row][vc_row equal_height=\u00bbyes\u00bb content_placement=\u00bbmiddle\u00bb][vc_column][vc_empty_space]    <div class=\"clinreal-sous-titre \">\n        <h2>\n            <span class=\"sb  withTitletwo \">El TCO<\/span>\n        <br\/> <span class=\"titre-deux\">en 5 puntos <\/span> \t\t        <\/h2>\n\n\n    <\/div>\n    [vc_empty_space][vc_row_inner][vc_column_inner width=\u00bb1\/5&#8243;][vc_column_text css=\u00bb\u00bb el_class=\u00bbtick\u00bb]<\/p>\n<ul>\n<li>Un test observacional\u00a0<b>bajo control medical <\/b>en m\u00faltiples campos e indicaciones<\/li>\n<\/ul>\n<p>[\/vc_column_text][vc_empty_space][\/vc_column_inner][vc_column_inner width=\u00bb1\/5&#8243;][vc_column_text css=\u00bb\u00bb el_class=\u00bbtick\u00bb]<\/p>\n<ul>\n<li>Un acceso a los pacientes del m\u00e9dico en el marco natural de su consulta<\/li>\n<\/ul>\n<p>[\/vc_column_text][vc_empty_space][\/vc_column_inner][vc_column_inner width=\u00bb1\/5&#8243;][vc_column_text css=\u00bb\u00bb el_class=\u00bbtick\u00bb]<\/p>\n<ul>\n<li>Un protocolo\u00a0<b>a la medida<\/b>\u00a0de la identidad del producto<\/li>\n<\/ul>\n<p>[\/vc_column_text][vc_empty_space][\/vc_column_inner][vc_column_inner width=\u00bb1\/5&#8243;][vc_column_text css=\u00bb\u00bb el_class=\u00bbtick\u00bb]<\/p>\n<ul>\n<li>Evaluaciones en\u00a0<b>condiciones reales <\/b>de uso<\/li>\n<\/ul>\n<p>[\/vc_column_text][vc_empty_space][\/vc_column_inner][vc_column_inner width=\u00bb1\/5&#8243;][vc_column_text css=\u00bb\u00bb el_class=\u00bbtick\u00bb]<\/p>\n<ul>\n<li><b>Informaci\u00f3n continua<\/b>\u00a0sobre la progresi\u00f3n del estudio<\/li>\n<\/ul>\n<p>[\/vc_column_text][vc_empty_space][\/vc_column_inner][\/vc_row_inner][vc_empty_space][\/vc_column][\/vc_row][vc_row][vc_column][vc_empty_space]\n\t<div class=\"center lienVers\">\n\t     <a  href=\"https:\/\/www.clinrealonline.fr\/contact\/\" title=\"Contact\"  >\n\t\t \t<div class=\"info\">\n\t\t\t <h3>Petici\u00f3n para una presentaci\u00f3n completa<\/h3>\n\t\t\t\n\t\t\t<\/div>\n\t\t\t\t\n\t   <\/a>\n   \n  <\/div>\n\n\t\t\t\n    [vc_empty_space][\/vc_column][\/vc_row]<\/p>\n<\/div>","protected":false},"excerpt":{"rendered":"<p>[vc_row][vc_column width=\u00bb3\/12&#8243;][\/vc_column][vc_column width=\u00bb6\/12&#8243;][vc_empty_space][vc_column_text el_class=\u00bbintro bold\u00bb]DESCUBRA EL TEST CL\u00edNICO OBSERVACIONAL[\/vc_column_text][vc_column_text css=\u00bb\u00bb]UN INOVACION CLINREAL EN LA INVESTIGACION CL\u00edNICA, NON INTERVENCIONAL El\u00a0Test Cl\u00ednico Observacional\u00a0(TCO) se realiza bajo control medical con sujetos, recibidos por el m\u00e9dico, en el marco natural de la consulta. El producto al estudio se aplica en\u00a0condiciones reales de uso. Permite consolidar el informe de seguridad [&hellip;]<\/p>\n","protected":false},"author":2,"featured_media":0,"parent":0,"menu_order":0,"comment_status":"closed","ping_status":"open","template":"","meta":{"_acf_changed":false,"footnotes":""},"class_list":["post-4839","page","type-page","status-publish","hentry"],"acf":[],"yoast_head":"<!-- This site is optimized with the Yoast SEO plugin v27.0 - https:\/\/yoast.com\/product\/yoast-seo-wordpress\/ -->\n<title>Investigaci\u00f3n Cl\u00ednica - ClinReal<\/title>\n<meta name=\"robots\" content=\"index, follow, max-snippet:-1, max-image-preview:large, max-video-preview:-1\" \/>\n<link rel=\"canonical\" href=\"https:\/\/www.clinrealonline.fr\/es\/recherche-clinique\/\" \/>\n<meta property=\"og:locale\" content=\"es_ES\" \/>\n<meta property=\"og:type\" content=\"article\" \/>\n<meta property=\"og:title\" content=\"Investigaci\u00f3n Cl\u00ednica - ClinReal\" \/>\n<meta property=\"og:description\" content=\"[vc_row][vc_column width=\u00bb3\/12&#8243;][\/vc_column][vc_column width=\u00bb6\/12&#8243;][vc_empty_space][vc_column_text el_class=\u00bbintro bold\u00bb]DESCUBRA EL TEST CL\u00edNICO OBSERVACIONAL[\/vc_column_text][vc_column_text css=\u00bb\u00bb]UN INOVACION CLINREAL EN LA INVESTIGACION CL\u00edNICA, NON INTERVENCIONAL El\u00a0Test Cl\u00ednico Observacional\u00a0(TCO) se realiza bajo control medical con sujetos, recibidos por el m\u00e9dico, en el marco natural de la consulta. El producto al estudio se aplica en\u00a0condiciones reales de uso. Permite consolidar el informe de seguridad [&hellip;]\" \/>\n<meta property=\"og:url\" content=\"https:\/\/www.clinrealonline.fr\/es\/recherche-clinique\/\" \/>\n<meta property=\"og:site_name\" content=\"ClinReal\" \/>\n<meta property=\"article:modified_time\" content=\"2025-05-07T11:28:02+00:00\" \/>\n<meta name=\"twitter:card\" content=\"summary_large_image\" \/>\n<meta name=\"twitter:label1\" content=\"Tiempo de lectura\" \/>\n\t<meta name=\"twitter:data1\" content=\"2 minutos\" \/>\n<script type=\"application\/ld+json\" class=\"yoast-schema-graph\">{\"@context\":\"https:\/\/schema.org\",\"@graph\":[{\"@type\":\"WebPage\",\"@id\":\"https:\/\/www.clinrealonline.fr\/es\/recherche-clinique\/\",\"url\":\"https:\/\/www.clinrealonline.fr\/es\/recherche-clinique\/\",\"name\":\"Investigaci\u00f3n Cl\u00ednica - ClinReal\",\"isPartOf\":{\"@id\":\"https:\/\/www.clinrealonline.fr\/es\/#website\"},\"datePublished\":\"2021-05-11T10:26:45+00:00\",\"dateModified\":\"2025-05-07T11:28:02+00:00\",\"breadcrumb\":{\"@id\":\"https:\/\/www.clinrealonline.fr\/es\/recherche-clinique\/#breadcrumb\"},\"inLanguage\":\"es\",\"potentialAction\":[{\"@type\":\"ReadAction\",\"target\":[\"https:\/\/www.clinrealonline.fr\/es\/recherche-clinique\/\"]}]},{\"@type\":\"BreadcrumbList\",\"@id\":\"https:\/\/www.clinrealonline.fr\/es\/recherche-clinique\/#breadcrumb\",\"itemListElement\":[{\"@type\":\"ListItem\",\"position\":1,\"name\":\"Accueil\",\"item\":\"https:\/\/www.clinrealonline.fr\/es\/clinreal-qcmvigilance-test-clinique\/\"},{\"@type\":\"ListItem\",\"position\":2,\"name\":\"Investigaci\u00f3n Cl\u00ednica\"}]},{\"@type\":\"WebSite\",\"@id\":\"https:\/\/www.clinrealonline.fr\/es\/#website\",\"url\":\"https:\/\/www.clinrealonline.fr\/es\/\",\"name\":\"ClinReal\",\"description\":\"\",\"publisher\":{\"@id\":\"https:\/\/www.clinrealonline.fr\/es\/#organization\"},\"potentialAction\":[{\"@type\":\"SearchAction\",\"target\":{\"@type\":\"EntryPoint\",\"urlTemplate\":\"https:\/\/www.clinrealonline.fr\/es\/?s={search_term_string}\"},\"query-input\":{\"@type\":\"PropertyValueSpecification\",\"valueRequired\":true,\"valueName\":\"search_term_string\"}}],\"inLanguage\":\"es\"},{\"@type\":\"Organization\",\"@id\":\"https:\/\/www.clinrealonline.fr\/es\/#organization\",\"name\":\"ClinReal\",\"url\":\"https:\/\/www.clinrealonline.fr\/es\/\",\"logo\":{\"@type\":\"ImageObject\",\"inLanguage\":\"es\",\"@id\":\"https:\/\/www.clinrealonline.fr\/es\/#\/schema\/logo\/image\/\",\"url\":\"https:\/\/www.clinrealonline.fr\/wp-content\/uploads\/2021\/05\/Groupe-27.png\",\"contentUrl\":\"https:\/\/www.clinrealonline.fr\/wp-content\/uploads\/2021\/05\/Groupe-27.png\",\"width\":161,\"height\":109,\"caption\":\"ClinReal\"},\"image\":{\"@id\":\"https:\/\/www.clinrealonline.fr\/es\/#\/schema\/logo\/image\/\"}}]}<\/script>\n<!-- \/ Yoast SEO plugin. -->","yoast_head_json":{"title":"Investigaci\u00f3n Cl\u00ednica - ClinReal","robots":{"index":"index","follow":"follow","max-snippet":"max-snippet:-1","max-image-preview":"max-image-preview:large","max-video-preview":"max-video-preview:-1"},"canonical":"https:\/\/www.clinrealonline.fr\/es\/recherche-clinique\/","og_locale":"es_ES","og_type":"article","og_title":"Investigaci\u00f3n Cl\u00ednica - ClinReal","og_description":"[vc_row][vc_column width=\u00bb3\/12&#8243;][\/vc_column][vc_column width=\u00bb6\/12&#8243;][vc_empty_space][vc_column_text el_class=\u00bbintro bold\u00bb]DESCUBRA EL TEST CL\u00edNICO OBSERVACIONAL[\/vc_column_text][vc_column_text css=\u00bb\u00bb]UN INOVACION CLINREAL EN LA INVESTIGACION CL\u00edNICA, NON INTERVENCIONAL El\u00a0Test Cl\u00ednico Observacional\u00a0(TCO) se realiza bajo control medical con sujetos, recibidos por el m\u00e9dico, en el marco natural de la consulta. El producto al estudio se aplica en\u00a0condiciones reales de uso. Permite consolidar el informe de seguridad [&hellip;]","og_url":"https:\/\/www.clinrealonline.fr\/es\/recherche-clinique\/","og_site_name":"ClinReal","article_modified_time":"2025-05-07T11:28:02+00:00","twitter_card":"summary_large_image","twitter_misc":{"Tiempo de lectura":"2 minutos"},"schema":{"@context":"https:\/\/schema.org","@graph":[{"@type":"WebPage","@id":"https:\/\/www.clinrealonline.fr\/es\/recherche-clinique\/","url":"https:\/\/www.clinrealonline.fr\/es\/recherche-clinique\/","name":"Investigaci\u00f3n Cl\u00ednica - ClinReal","isPartOf":{"@id":"https:\/\/www.clinrealonline.fr\/es\/#website"},"datePublished":"2021-05-11T10:26:45+00:00","dateModified":"2025-05-07T11:28:02+00:00","breadcrumb":{"@id":"https:\/\/www.clinrealonline.fr\/es\/recherche-clinique\/#breadcrumb"},"inLanguage":"es","potentialAction":[{"@type":"ReadAction","target":["https:\/\/www.clinrealonline.fr\/es\/recherche-clinique\/"]}]},{"@type":"BreadcrumbList","@id":"https:\/\/www.clinrealonline.fr\/es\/recherche-clinique\/#breadcrumb","itemListElement":[{"@type":"ListItem","position":1,"name":"Accueil","item":"https:\/\/www.clinrealonline.fr\/es\/clinreal-qcmvigilance-test-clinique\/"},{"@type":"ListItem","position":2,"name":"Investigaci\u00f3n Cl\u00ednica"}]},{"@type":"WebSite","@id":"https:\/\/www.clinrealonline.fr\/es\/#website","url":"https:\/\/www.clinrealonline.fr\/es\/","name":"ClinReal","description":"","publisher":{"@id":"https:\/\/www.clinrealonline.fr\/es\/#organization"},"potentialAction":[{"@type":"SearchAction","target":{"@type":"EntryPoint","urlTemplate":"https:\/\/www.clinrealonline.fr\/es\/?s={search_term_string}"},"query-input":{"@type":"PropertyValueSpecification","valueRequired":true,"valueName":"search_term_string"}}],"inLanguage":"es"},{"@type":"Organization","@id":"https:\/\/www.clinrealonline.fr\/es\/#organization","name":"ClinReal","url":"https:\/\/www.clinrealonline.fr\/es\/","logo":{"@type":"ImageObject","inLanguage":"es","@id":"https:\/\/www.clinrealonline.fr\/es\/#\/schema\/logo\/image\/","url":"https:\/\/www.clinrealonline.fr\/wp-content\/uploads\/2021\/05\/Groupe-27.png","contentUrl":"https:\/\/www.clinrealonline.fr\/wp-content\/uploads\/2021\/05\/Groupe-27.png","width":161,"height":109,"caption":"ClinReal"},"image":{"@id":"https:\/\/www.clinrealonline.fr\/es\/#\/schema\/logo\/image\/"}}]}},"_links":{"self":[{"href":"https:\/\/www.clinrealonline.fr\/es\/wp-json\/wp\/v2\/pages\/4839","targetHints":{"allow":["GET"]}}],"collection":[{"href":"https:\/\/www.clinrealonline.fr\/es\/wp-json\/wp\/v2\/pages"}],"about":[{"href":"https:\/\/www.clinrealonline.fr\/es\/wp-json\/wp\/v2\/types\/page"}],"author":[{"embeddable":true,"href":"https:\/\/www.clinrealonline.fr\/es\/wp-json\/wp\/v2\/users\/2"}],"replies":[{"embeddable":true,"href":"https:\/\/www.clinrealonline.fr\/es\/wp-json\/wp\/v2\/comments?post=4839"}],"version-history":[{"count":5,"href":"https:\/\/www.clinrealonline.fr\/es\/wp-json\/wp\/v2\/pages\/4839\/revisions"}],"predecessor-version":[{"id":5640,"href":"https:\/\/www.clinrealonline.fr\/es\/wp-json\/wp\/v2\/pages\/4839\/revisions\/5640"}],"wp:attachment":[{"href":"https:\/\/www.clinrealonline.fr\/es\/wp-json\/wp\/v2\/media?parent=4839"}],"curies":[{"name":"wp","href":"https:\/\/api.w.org\/{rel}","templated":true}]}}