{"id":4836,"date":"2021-05-10T14:55:23","date_gmt":"2021-05-10T12:55:23","guid":{"rendered":"https:\/\/www.clinrealonline.fr\/notre-force\/"},"modified":"2025-05-07T13:11:56","modified_gmt":"2025-05-07T11:11:56","slug":"notre-force","status":"publish","type":"page","link":"https:\/\/www.clinrealonline.fr\/es\/notre-force\/","title":{"rendered":"Nuestra fuerza"},"content":{"rendered":"<div class=\"wpb-content-wrapper\"><p>[vc_row el_class=\u00bbtitleBar\u00bb][vc_column width=\u00bb3\/12&#8243;][\/vc_column][vc_column width=\u00bb6\/12&#8243;]    <div class=\"clinreal-title \">\n        <h1><span class=\"SquareTitle\">En directo <\/span><br\/><span>con lo real<\/span><\/h1>\n    <\/div>\n    [vc_empty_space][vc_column_text css=\u00bb\u00bb el_class=\u00bbintro\u00bb]CLINREAL es su pasarela hacia lo real gracias a un m\u00e9todo \u00e1gil de investigaci\u00f3n cl\u00ednica apoyado en una red s\u00f3lida de m\u00e9dicos y sus pacientes, pero tambi\u00e9n gracias a un equipo de encargadas de encuesta atento a las observaciones de los consumidores finales para asegurar la misi\u00f3n de Cosmetovigilancia.[\/vc_column_text][\/vc_column][vc_column width=\u00bb3\/12&#8243;][\/vc_column][\/vc_row][vc_row full_width=\u00bbstretch_row\u00bb el_class=\u00bbformeLeft reel\u00bb][vc_column el_class=\u00bbtimeline\u00bb][vc_empty_space height=\u00bb120px\u00bb][vc_column_text css=\u00bb\u00bb el_class=\u00bbcontent first\u00bb]<\/p>\n<h5><img decoding=\"async\" class=\"illus\" src=\"https:\/\/www.clinrealonline.fr\/wp-content\/uploads\/2021\/06\/la-creativite.png\" alt=\"\" \/><\/h5>\n<h3><strong>La Creatividad como firma<\/strong><\/h3>\n<p><strong>Imaginar<\/strong> los procesos esperados y inesperados.<\/p>\n<p><strong>Anticipar<\/strong> las oportunidades del mercado en la concepci\u00f3n de los protocolos de estudios cl\u00ednicos.<\/p>\n<p><strong>Quedar alertos<\/strong>, curiosos y de mente abierta para proveer un verdadero valor a\u00f1adido a sus proyectos.<\/p>\n<p><img loading=\"lazy\" decoding=\"async\" class=\"marginBottom alignnone wp-image-230 size-full\" src=\"https:\/\/www.clinrealonline.fr\/wp-content\/uploads\/2021\/05\/petit-oeil.png\" alt=\"\" width=\"37\" height=\"37\" \/> \u00a0<span class=\"smaller\">#Cosmetovigilancia<\/span><\/p>\n<p><img loading=\"lazy\" decoding=\"async\" class=\"alignnone wp-image-229 size-full\" src=\"https:\/\/www.clinrealonline.fr\/wp-content\/uploads\/2021\/05\/petite-loupe.png\" alt=\"\" width=\"36\" height=\"36\" \/> \u00a0<span class=\"smaller\">#<\/span>Investigaci\u00f3ncl\u00ednica[\/vc_column_text][vc_column_text css=\u00bb\u00bb el_class=\u00bbcontent\u00bb]<\/p>\n<h5><img decoding=\"async\" class=\"illus\" src=\"https:\/\/www.clinrealonline.fr\/wp-content\/uploads\/2021\/06\/savoir-faire.png\" alt=\"\" \/><\/h5>\n<h3>U<strong>na pericia in\u00e9dita anclada en la realidad\u00a0<\/strong><\/h3>\n<p><strong>Dominio<\/strong> de la conformidad reglamentaria.<br \/>\n<strong>M\u00e9todo <\/strong>no intervencionista probado gracias a una red fiable de aliados m\u00e9dicos especializados.<\/p>\n<p><img loading=\"lazy\" decoding=\"async\" class=\"alignnone wp-image-229 size-full\" src=\"https:\/\/www.clinrealonline.fr\/wp-content\/uploads\/2021\/05\/petite-loupe.png\" alt=\"\" width=\"36\" height=\"36\" \/> \u00a0<span class=\"smaller\">#<\/span>Investigaci\u00f3ncl\u00ednica[\/vc_column_text][vc_column_text css=\u00bb\u00bb el_class=\u00bbcontent\u00bb]<\/p>\n<h5><img decoding=\"async\" class=\"alignnone size-full wp-image-175\" src=\"https:\/\/www.clinrealonline.fr\/wp-content\/uploads\/2021\/06\/globe.png\" alt=\"\" \/><\/h5>\n<h3>U<strong>n equipo multiling\u00fce prestando o\u00eddo<\/strong><\/h3>\n<p><strong>Cobertura ling\u00fc\u00edstica del mundo<\/strong>.<br \/>\n<strong>Un trabajo <\/strong>de reconquista en la satisfacci\u00f3n del cliente v\u00eda un contacto humano imprescindible.<\/p>\n<p><img loading=\"lazy\" decoding=\"async\" class=\"alignnone wp-image-230 size-full\" src=\"https:\/\/www.clinrealonline.fr\/wp-content\/uploads\/2021\/05\/petit-oeil.png\" alt=\"\" width=\"37\" height=\"37\" \/> \u00a0<span class=\"smaller\">#Cosmetovigilancia<\/span>[\/vc_column_text][vc_column_text css=\u00bb\u00bb el_class=\u00bbcontent\u00bb]<\/p>\n<h5><img decoding=\"async\" class=\"alignnone size-full wp-image-85\" src=\"https:\/\/www.clinrealonline.fr\/wp-content\/uploads\/2021\/06\/scientifique.png\" alt=\"\" \/><\/h5>\n<h3>U<strong>na red de expertos cient\u00edficos<\/strong><\/h3>\n<p><b>An\u00e1lisis m\u00e9dicos<\/b>\u00a0cada vez mas exhaustivos para determinar la imputabilidad y el riesgo de exposici\u00f3n al producto.<\/p>\n<p><img loading=\"lazy\" decoding=\"async\" class=\"alignnone wp-image-230 size-full\" src=\"https:\/\/www.clinrealonline.fr\/wp-content\/uploads\/2021\/05\/petit-oeil.png\" alt=\"\" width=\"37\" height=\"37\" \/> \u00a0<span class=\"smaller\">#Cosmetovigilancia<\/span><\/p>\n<p><b>Acceso<\/b>\u00a0a las nuevas tecnolog\u00edas permitiendo objetivar los resultados de los estudios emprendidos.<\/p>\n<p><img loading=\"lazy\" decoding=\"async\" class=\"alignnone wp-image-229 size-full\" src=\"https:\/\/www.clinrealonline.fr\/wp-content\/uploads\/2021\/05\/petite-loupe.png\" alt=\"\" width=\"36\" height=\"36\" \/> \u00a0<span class=\"smaller\">#I<\/span>nvestigaci\u00f3ncl\u00ednica[\/vc_column_text][vc_column_text css=\u00bb\u00bb el_class=\u00bbcontent\u00bb]<\/p>\n<h5><img decoding=\"async\" class=\"alignnone size-full wp-image-175\" src=\"https:\/\/www.clinrealonline.fr\/wp-content\/uploads\/2021\/06\/goof.png\" alt=\"\" \/><\/h5>\n<h3>Una oferta transversal a medida<\/h3>\n<p><b>Confiar<\/b>\u00a0sus problem\u00e1ticas a CLINREAL, desde la investigaci\u00f3n hasta la salida al mercado y m\u00e1s all\u00e1.<\/p>\n<p><img loading=\"lazy\" decoding=\"async\" class=\"alignnone wp-image-230 size-full\" src=\"https:\/\/www.clinrealonline.fr\/wp-content\/uploads\/2021\/05\/petit-oeil.png\" alt=\"\" width=\"37\" height=\"37\" \/> \u00a0<span class=\"smaller\">#Cosmetovigilancia<\/span>[\/vc_column_text][\/vc_column][\/vc_row][vc_row][vc_column][vc_empty_space height=\u00bb60px\u00bb][\/vc_column][\/vc_row][vc_row disable_element=\u00bbyes\u00bb][vc_column][vc_empty_space]    <div class=\"clinreal-title floatRight\">\n        <h1><span class=\"SquareTitle\">Ils nous font confiance <\/span><br\/><span><\/span><\/h1>\n    <\/div>\n    [vc_empty_space][vc_column_text]\n\t\t<style>\n\t\t\t#wpls-logo-showcase-slider-1 .wpls-fix-box,\n\t\t\t#wpls-logo-showcase-slider-1 .wpls-fix-box img.wp-post-image{max-height:250px; }\n\t\t<\/style>\n\n\t\t<div class=\"wpls-wrap wpls-logo-showcase-slider-wrp wpls-logo-clearfix wpls-design-1 \" data-conf=\"{&quot;slides_column&quot;:&quot;5&quot;,&quot;slides_scroll&quot;:1,&quot;dots&quot;:&quot;false&quot;,&quot;arrows&quot;:&quot;true&quot;,&quot;autoplay&quot;:&quot;true&quot;,&quot;autoplay_interval&quot;:3000,&quot;loop&quot;:&quot;true&quot;,&quot;rtl&quot;:&quot;false&quot;,&quot;speed&quot;:800,&quot;center_mode&quot;:&quot;false&quot;,&quot;lazyload&quot;:&quot;&quot;}\">\n\t\t\t<div class=\"wpls-logo-showcase logo_showcase wpls-logo-slider  sliderimage_hide_border wpls-dots-false\" id=\"wpls-logo-showcase-slider-1\" >\n\t\t\t\t<div class=\"wpls-logo-cnt\">\n\t<div class=\"wpls-fix-box\">\n\t\t\t\t<img decoding=\"async\" class=\"wp-post-image\"  src=\"https:\/\/www.clinrealonline.fr\/wp-content\/uploads\/2021\/06\/a_logo-vichy_og-image-1.png\" alt=\"\" \/>\n\t\t\t<\/div>\n\t<\/div><div class=\"wpls-logo-cnt\">\n\t<div class=\"wpls-fix-box\">\n\t\t\t\t<img decoding=\"async\" class=\"wp-post-image\"  src=\"https:\/\/www.clinrealonline.fr\/wp-content\/uploads\/2021\/06\/iprad-1.png\" alt=\"\" \/>\n\t\t\t<\/div>\n\t<\/div><div class=\"wpls-logo-cnt\">\n\t<div class=\"wpls-fix-box\">\n\t\t\t\t<img decoding=\"async\" class=\"wp-post-image\"  src=\"https:\/\/www.clinrealonline.fr\/wp-content\/uploads\/2021\/06\/LOGO_BERDOUES-1.png\" alt=\"\" \/>\n\t\t\t<\/div>\n\t<\/div><div class=\"wpls-logo-cnt\">\n\t<div class=\"wpls-fix-box\">\n\t\t\t\t<img decoding=\"async\" class=\"wp-post-image\"  src=\"https:\/\/www.clinrealonline.fr\/wp-content\/uploads\/2021\/06\/Sisley_Paris_logo-1.svg\" alt=\"\" \/>\n\t\t\t<\/div>\n\t<\/div><div class=\"wpls-logo-cnt\">\n\t<div class=\"wpls-fix-box\">\n\t\t\t\t<img decoding=\"async\" class=\"wp-post-image\"  src=\"https:\/\/www.clinrealonline.fr\/wp-content\/uploads\/2021\/06\/logo-nuxe-1.png\" alt=\"\" \/>\n\t\t\t<\/div>\n\t<\/div><div class=\"wpls-logo-cnt\">\n\t<div class=\"wpls-fix-box\">\n\t\t\t\t<img decoding=\"async\" class=\"wp-post-image\"  src=\"https:\/\/www.clinrealonline.fr\/wp-content\/uploads\/2021\/06\/Logo-expanscience.svg-1.png\" alt=\"\" \/>\n\t\t\t<\/div>\n\t<\/div><div class=\"wpls-logo-cnt\">\n\t<div class=\"wpls-fix-box\">\n\t\t\t\t<img decoding=\"async\" class=\"wp-post-image\"  src=\"https:\/\/www.clinrealonline.fr\/wp-content\/uploads\/2021\/06\/LOGO_CAUDALIE_PRUNE-1.png\" alt=\"\" \/>\n\t\t\t<\/div>\n\t<\/div><div class=\"wpls-logo-cnt\">\n\t<div class=\"wpls-fix-box\">\n\t\t\t\t<img decoding=\"async\" class=\"wp-post-image\"  src=\"https:\/\/www.clinrealonline.fr\/wp-content\/uploads\/2021\/06\/yves-rocher.png\" alt=\"\" \/>\n\t\t\t<\/div>\n\t<\/div><div class=\"wpls-logo-cnt\">\n\t<div class=\"wpls-fix-box\">\n\t\t\t\t<img decoding=\"async\" class=\"wp-post-image\"  src=\"https:\/\/www.clinrealonline.fr\/wp-content\/uploads\/2021\/07\/etatpur.jpeg\" alt=\"\" \/>\n\t\t\t<\/div>\n\t<\/div><div class=\"wpls-logo-cnt\">\n\t<div class=\"wpls-fix-box\">\n\t\t\t\t<img decoding=\"async\" class=\"wp-post-image\"  src=\"https:\/\/www.clinrealonline.fr\/wp-content\/uploads\/2021\/07\/uriage.jpg\" alt=\"\" \/>\n\t\t\t<\/div>\n\t<\/div><div class=\"wpls-logo-cnt\">\n\t<div class=\"wpls-fix-box\">\n\t\t\t\t<img decoding=\"async\" class=\"wp-post-image\"  src=\"https:\/\/www.clinrealonline.fr\/wp-content\/uploads\/2021\/07\/puig.png\" alt=\"\" \/>\n\t\t\t<\/div>\n\t<\/div><div class=\"wpls-logo-cnt\">\n\t<div class=\"wpls-fix-box\">\n\t\t\t\t<img decoding=\"async\" class=\"wp-post-image\"  src=\"https:\/\/www.clinrealonline.fr\/wp-content\/uploads\/2021\/07\/bio-beaute.png\" alt=\"\" \/>\n\t\t\t<\/div>\n\t<\/div><div class=\"wpls-logo-cnt\">\n\t<div class=\"wpls-fix-box\">\n\t\t\t\t<img decoding=\"async\" class=\"wp-post-image\"  src=\"https:\/\/www.clinrealonline.fr\/wp-content\/uploads\/2021\/07\/resultime.png\" alt=\"\" \/>\n\t\t\t<\/div>\n\t<\/div><div class=\"wpls-logo-cnt\">\n\t<div class=\"wpls-fix-box\">\n\t\t\t\t<img decoding=\"async\" class=\"wp-post-image\"  src=\"https:\/\/www.clinrealonline.fr\/wp-content\/uploads\/2021\/07\/labrosseetdupont.png\" alt=\"\" \/>\n\t\t\t<\/div>\n\t<\/div><div class=\"wpls-logo-cnt\">\n\t<div class=\"wpls-fix-box\">\n\t\t\t\t<img decoding=\"async\" class=\"wp-post-image\"  src=\"https:\/\/www.clinrealonline.fr\/wp-content\/uploads\/2021\/07\/valmont.jpg\" alt=\"\" \/>\n\t\t\t<\/div>\n\t<\/div>\t\t\t<\/div>\n\t\t<\/div>\n\n\t\t[\/vc_column_text][vc_empty_space height=\u00bb60px\u00bb][\/vc_column][\/vc_row]<\/p>\n<\/div>","protected":false},"excerpt":{"rendered":"<p>[vc_row el_class=\u00bbtitleBar\u00bb][vc_column width=\u00bb3\/12&#8243;][\/vc_column][vc_column width=\u00bb6\/12&#8243;][vc_empty_space][vc_column_text css=\u00bb\u00bb el_class=\u00bbintro\u00bb]CLINREAL es su pasarela hacia lo real gracias a un m\u00e9todo \u00e1gil de investigaci\u00f3n cl\u00ednica apoyado en una red s\u00f3lida de m\u00e9dicos y sus pacientes, pero tambi\u00e9n gracias a un equipo de encargadas de encuesta atento a las observaciones de los consumidores finales para asegurar la misi\u00f3n de Cosmetovigilancia.[\/vc_column_text][\/vc_column][vc_column width=\u00bb3\/12&#8243;][\/vc_column][\/vc_row][vc_row [&hellip;]<\/p>\n","protected":false},"author":2,"featured_media":0,"parent":0,"menu_order":0,"comment_status":"closed","ping_status":"open","template":"","meta":{"_acf_changed":false,"footnotes":""},"class_list":["post-4836","page","type-page","status-publish","hentry"],"acf":[],"yoast_head":"<!-- This site is optimized with the Yoast SEO plugin v27.0 - https:\/\/yoast.com\/product\/yoast-seo-wordpress\/ -->\n<title>Nuestra fuerza - ClinReal<\/title>\n<meta name=\"robots\" content=\"index, follow, max-snippet:-1, max-image-preview:large, max-video-preview:-1\" \/>\n<link rel=\"canonical\" href=\"https:\/\/www.clinrealonline.fr\/es\/notre-force\/\" \/>\n<meta property=\"og:locale\" content=\"es_ES\" \/>\n<meta property=\"og:type\" content=\"article\" \/>\n<meta property=\"og:title\" content=\"Nuestra fuerza - ClinReal\" \/>\n<meta property=\"og:description\" content=\"[vc_row el_class=\u00bbtitleBar\u00bb][vc_column width=\u00bb3\/12&#8243;][\/vc_column][vc_column width=\u00bb6\/12&#8243;][vc_empty_space][vc_column_text css=\u00bb\u00bb el_class=\u00bbintro\u00bb]CLINREAL es su pasarela hacia lo real gracias a un m\u00e9todo \u00e1gil de investigaci\u00f3n cl\u00ednica apoyado en una red s\u00f3lida de m\u00e9dicos y sus pacientes, pero tambi\u00e9n gracias a un equipo de encargadas de encuesta atento a las observaciones de los consumidores finales para asegurar la misi\u00f3n de Cosmetovigilancia.[\/vc_column_text][\/vc_column][vc_column width=\u00bb3\/12&#8243;][\/vc_column][\/vc_row][vc_row [&hellip;]\" \/>\n<meta property=\"og:url\" content=\"https:\/\/www.clinrealonline.fr\/es\/notre-force\/\" \/>\n<meta property=\"og:site_name\" content=\"ClinReal\" \/>\n<meta property=\"article:modified_time\" content=\"2025-05-07T11:11:56+00:00\" \/>\n<meta property=\"og:image\" content=\"https:\/\/www.clinrealonline.fr\/wp-content\/uploads\/2021\/06\/la-creativite.png\" \/>\n<meta name=\"twitter:card\" content=\"summary_large_image\" \/>\n<meta name=\"twitter:label1\" content=\"Tiempo de lectura\" \/>\n\t<meta name=\"twitter:data1\" content=\"4 minutos\" \/>\n<script type=\"application\/ld+json\" class=\"yoast-schema-graph\">{\"@context\":\"https:\/\/schema.org\",\"@graph\":[{\"@type\":\"WebPage\",\"@id\":\"https:\/\/www.clinrealonline.fr\/es\/notre-force\/\",\"url\":\"https:\/\/www.clinrealonline.fr\/es\/notre-force\/\",\"name\":\"Nuestra fuerza - ClinReal\",\"isPartOf\":{\"@id\":\"https:\/\/www.clinrealonline.fr\/es\/#website\"},\"primaryImageOfPage\":{\"@id\":\"https:\/\/www.clinrealonline.fr\/es\/notre-force\/#primaryimage\"},\"image\":{\"@id\":\"https:\/\/www.clinrealonline.fr\/es\/notre-force\/#primaryimage\"},\"thumbnailUrl\":\"https:\/\/www.clinrealonline.fr\/wp-content\/uploads\/2021\/06\/la-creativite.png\",\"datePublished\":\"2021-05-10T12:55:23+00:00\",\"dateModified\":\"2025-05-07T11:11:56+00:00\",\"breadcrumb\":{\"@id\":\"https:\/\/www.clinrealonline.fr\/es\/notre-force\/#breadcrumb\"},\"inLanguage\":\"es\",\"potentialAction\":[{\"@type\":\"ReadAction\",\"target\":[\"https:\/\/www.clinrealonline.fr\/es\/notre-force\/\"]}]},{\"@type\":\"ImageObject\",\"inLanguage\":\"es\",\"@id\":\"https:\/\/www.clinrealonline.fr\/es\/notre-force\/#primaryimage\",\"url\":\"https:\/\/www.clinrealonline.fr\/wp-content\/uploads\/2021\/06\/la-creativite.png\",\"contentUrl\":\"https:\/\/www.clinrealonline.fr\/wp-content\/uploads\/2021\/06\/la-creativite.png\"},{\"@type\":\"BreadcrumbList\",\"@id\":\"https:\/\/www.clinrealonline.fr\/es\/notre-force\/#breadcrumb\",\"itemListElement\":[{\"@type\":\"ListItem\",\"position\":1,\"name\":\"Accueil\",\"item\":\"https:\/\/www.clinrealonline.fr\/es\/clinreal-qcmvigilance-test-clinique\/\"},{\"@type\":\"ListItem\",\"position\":2,\"name\":\"Nuestra fuerza\"}]},{\"@type\":\"WebSite\",\"@id\":\"https:\/\/www.clinrealonline.fr\/es\/#website\",\"url\":\"https:\/\/www.clinrealonline.fr\/es\/\",\"name\":\"ClinReal\",\"description\":\"\",\"publisher\":{\"@id\":\"https:\/\/www.clinrealonline.fr\/es\/#organization\"},\"potentialAction\":[{\"@type\":\"SearchAction\",\"target\":{\"@type\":\"EntryPoint\",\"urlTemplate\":\"https:\/\/www.clinrealonline.fr\/es\/?s={search_term_string}\"},\"query-input\":{\"@type\":\"PropertyValueSpecification\",\"valueRequired\":true,\"valueName\":\"search_term_string\"}}],\"inLanguage\":\"es\"},{\"@type\":\"Organization\",\"@id\":\"https:\/\/www.clinrealonline.fr\/es\/#organization\",\"name\":\"ClinReal\",\"url\":\"https:\/\/www.clinrealonline.fr\/es\/\",\"logo\":{\"@type\":\"ImageObject\",\"inLanguage\":\"es\",\"@id\":\"https:\/\/www.clinrealonline.fr\/es\/#\/schema\/logo\/image\/\",\"url\":\"https:\/\/www.clinrealonline.fr\/wp-content\/uploads\/2021\/05\/Groupe-27.png\",\"contentUrl\":\"https:\/\/www.clinrealonline.fr\/wp-content\/uploads\/2021\/05\/Groupe-27.png\",\"width\":161,\"height\":109,\"caption\":\"ClinReal\"},\"image\":{\"@id\":\"https:\/\/www.clinrealonline.fr\/es\/#\/schema\/logo\/image\/\"}}]}<\/script>\n<!-- \/ Yoast SEO plugin. -->","yoast_head_json":{"title":"Nuestra fuerza - ClinReal","robots":{"index":"index","follow":"follow","max-snippet":"max-snippet:-1","max-image-preview":"max-image-preview:large","max-video-preview":"max-video-preview:-1"},"canonical":"https:\/\/www.clinrealonline.fr\/es\/notre-force\/","og_locale":"es_ES","og_type":"article","og_title":"Nuestra fuerza - ClinReal","og_description":"[vc_row el_class=\u00bbtitleBar\u00bb][vc_column width=\u00bb3\/12&#8243;][\/vc_column][vc_column width=\u00bb6\/12&#8243;][vc_empty_space][vc_column_text css=\u00bb\u00bb el_class=\u00bbintro\u00bb]CLINREAL es su pasarela hacia lo real gracias a un m\u00e9todo \u00e1gil de investigaci\u00f3n cl\u00ednica apoyado en una red s\u00f3lida de m\u00e9dicos y sus pacientes, pero tambi\u00e9n gracias a un equipo de encargadas de encuesta atento a las observaciones de los consumidores finales para asegurar la misi\u00f3n de Cosmetovigilancia.[\/vc_column_text][\/vc_column][vc_column width=\u00bb3\/12&#8243;][\/vc_column][\/vc_row][vc_row [&hellip;]","og_url":"https:\/\/www.clinrealonline.fr\/es\/notre-force\/","og_site_name":"ClinReal","article_modified_time":"2025-05-07T11:11:56+00:00","og_image":[{"url":"https:\/\/www.clinrealonline.fr\/wp-content\/uploads\/2021\/06\/la-creativite.png","type":"","width":"","height":""}],"twitter_card":"summary_large_image","twitter_misc":{"Tiempo de lectura":"4 minutos"},"schema":{"@context":"https:\/\/schema.org","@graph":[{"@type":"WebPage","@id":"https:\/\/www.clinrealonline.fr\/es\/notre-force\/","url":"https:\/\/www.clinrealonline.fr\/es\/notre-force\/","name":"Nuestra fuerza - ClinReal","isPartOf":{"@id":"https:\/\/www.clinrealonline.fr\/es\/#website"},"primaryImageOfPage":{"@id":"https:\/\/www.clinrealonline.fr\/es\/notre-force\/#primaryimage"},"image":{"@id":"https:\/\/www.clinrealonline.fr\/es\/notre-force\/#primaryimage"},"thumbnailUrl":"https:\/\/www.clinrealonline.fr\/wp-content\/uploads\/2021\/06\/la-creativite.png","datePublished":"2021-05-10T12:55:23+00:00","dateModified":"2025-05-07T11:11:56+00:00","breadcrumb":{"@id":"https:\/\/www.clinrealonline.fr\/es\/notre-force\/#breadcrumb"},"inLanguage":"es","potentialAction":[{"@type":"ReadAction","target":["https:\/\/www.clinrealonline.fr\/es\/notre-force\/"]}]},{"@type":"ImageObject","inLanguage":"es","@id":"https:\/\/www.clinrealonline.fr\/es\/notre-force\/#primaryimage","url":"https:\/\/www.clinrealonline.fr\/wp-content\/uploads\/2021\/06\/la-creativite.png","contentUrl":"https:\/\/www.clinrealonline.fr\/wp-content\/uploads\/2021\/06\/la-creativite.png"},{"@type":"BreadcrumbList","@id":"https:\/\/www.clinrealonline.fr\/es\/notre-force\/#breadcrumb","itemListElement":[{"@type":"ListItem","position":1,"name":"Accueil","item":"https:\/\/www.clinrealonline.fr\/es\/clinreal-qcmvigilance-test-clinique\/"},{"@type":"ListItem","position":2,"name":"Nuestra fuerza"}]},{"@type":"WebSite","@id":"https:\/\/www.clinrealonline.fr\/es\/#website","url":"https:\/\/www.clinrealonline.fr\/es\/","name":"ClinReal","description":"","publisher":{"@id":"https:\/\/www.clinrealonline.fr\/es\/#organization"},"potentialAction":[{"@type":"SearchAction","target":{"@type":"EntryPoint","urlTemplate":"https:\/\/www.clinrealonline.fr\/es\/?s={search_term_string}"},"query-input":{"@type":"PropertyValueSpecification","valueRequired":true,"valueName":"search_term_string"}}],"inLanguage":"es"},{"@type":"Organization","@id":"https:\/\/www.clinrealonline.fr\/es\/#organization","name":"ClinReal","url":"https:\/\/www.clinrealonline.fr\/es\/","logo":{"@type":"ImageObject","inLanguage":"es","@id":"https:\/\/www.clinrealonline.fr\/es\/#\/schema\/logo\/image\/","url":"https:\/\/www.clinrealonline.fr\/wp-content\/uploads\/2021\/05\/Groupe-27.png","contentUrl":"https:\/\/www.clinrealonline.fr\/wp-content\/uploads\/2021\/05\/Groupe-27.png","width":161,"height":109,"caption":"ClinReal"},"image":{"@id":"https:\/\/www.clinrealonline.fr\/es\/#\/schema\/logo\/image\/"}}]}},"_links":{"self":[{"href":"https:\/\/www.clinrealonline.fr\/es\/wp-json\/wp\/v2\/pages\/4836","targetHints":{"allow":["GET"]}}],"collection":[{"href":"https:\/\/www.clinrealonline.fr\/es\/wp-json\/wp\/v2\/pages"}],"about":[{"href":"https:\/\/www.clinrealonline.fr\/es\/wp-json\/wp\/v2\/types\/page"}],"author":[{"embeddable":true,"href":"https:\/\/www.clinrealonline.fr\/es\/wp-json\/wp\/v2\/users\/2"}],"replies":[{"embeddable":true,"href":"https:\/\/www.clinrealonline.fr\/es\/wp-json\/wp\/v2\/comments?post=4836"}],"version-history":[{"count":3,"href":"https:\/\/www.clinrealonline.fr\/es\/wp-json\/wp\/v2\/pages\/4836\/revisions"}],"predecessor-version":[{"id":5639,"href":"https:\/\/www.clinrealonline.fr\/es\/wp-json\/wp\/v2\/pages\/4836\/revisions\/5639"}],"wp:attachment":[{"href":"https:\/\/www.clinrealonline.fr\/es\/wp-json\/wp\/v2\/media?parent=4836"}],"curies":[{"name":"wp","href":"https:\/\/api.w.org\/{rel}","templated":true}]}}