{"id":4769,"date":"2021-05-11T14:44:50","date_gmt":"2021-05-11T12:44:50","guid":{"rendered":"https:\/\/www.clinrealonline.fr\/clinreal-partenaire-prestataire-cosmetovigilance\/"},"modified":"2025-05-07T13:34:56","modified_gmt":"2025-05-07T11:34:56","slug":"clinreal-partenaire-prestataire-cosmetovigilance","status":"publish","type":"page","link":"https:\/\/www.clinrealonline.fr\/es\/clinreal-partenaire-prestataire-cosmetovigilance\/","title":{"rendered":"Cosmetovigilancia"},"content":{"rendered":"<div class=\"wpb-content-wrapper\"><p>[vc_row][vc_column width=\u00bb3\/12&#8243;][\/vc_column][vc_column width=\u00bb6\/12&#8243;]    <div class=\"clinreal-title \">\n        <h1><span class=\"SquareTitle\">Cosmeto <\/span><br\/><span>vigilancia<\/span><\/h1>\n    <\/div>\n    [vc_empty_space][vc_column_text css=\u00bb\u00bb]<span style=\"color: #cd897d;\">QCMvigilance \u00ae, UNA CONTINUACI\u00f3N LOGICA<\/span><\/p>\n<p>La gesti\u00f3n de la\u00a0<b>Cosmetovigilancia<\/b>\u00a0has sido desarrollada en continuidad con la Investigaci\u00f3n Cl\u00ednica, privilegiando el\u00a0<b>contacto directo<\/b>, la atenci\u00f3n y la empat\u00eda hacia el consumidor en Europa y en el Mundo.<\/p>\n<p><b>CLINREAL os acompa\u00f1a<\/b>\u00a0gracias a un proceso de recogida de las reclamaciones, digital y flexible, cumpliendo con las nuevas exigencias culturales y sociales de los consumidores\u00a0<b>del mundo<\/b>.[\/vc_column_text][\/vc_column][vc_column width=\u00bb3\/12&#8243;][\/vc_column][\/vc_row][vc_row][vc_column css_animation=\u00bbfadeIn\u00bb width=\u00bb1\/2&#8243;][vc_empty_space height=\u00bb120px\u00bb]    <div class=\"clinreal-sous-titre text-gris\">\n        <h2>\n            <span class=\"sb  \">Mejore sus resultados, protege su imagen<\/span>\n        \t\t        <\/h2>\n\n\n    <\/div>\n    [vc_empty_space][vc_column_text css=\u00bb\u00bb]<b>Objetivo cero defecto<\/b>: Entender y resolver el origen de insatisfacci\u00f3n del consumidor (defecto de calidad, efecto adverso, malfuncionamiento).<\/p>\n<p>&nbsp;<\/p>\n<p><b>Reconquista del consumidor<\/b>: Con un contacto directo y reactivo asociado a la atenci\u00f3n y empat\u00eda cualitativa de nuestros equipos.<\/p>\n<p>&nbsp;<\/p>\n<p><b>Seguro<\/b>: Garant\u00eda de cumplir con las exigencias reglamentarias.<\/p>\n<p>&nbsp;<\/p>\n<p><b>Gesti\u00f3n internacional: <\/b>\u00a0Gracias a una red de corresponsales ling\u00fc\u00edsticos amplio.[\/vc_column_text][vc_empty_space height=\u00bb60px\u00bb][\/vc_column][vc_column css_animation=\u00bbfadeIn\u00bb width=\u00bb1\/2&#8243;][vc_empty_space height=\u00bb120px\u00bb]    <div class=\"clinreal-sous-titre text-gris\">\n        <h2>\n            <span class=\"sb  \">Elija una asistencia ganar-ganar<\/span>\n        \t\t        <\/h2>\n\n\n    <\/div>\n    [vc_empty_space][vc_column_text css=\u00bb\u00bb]<b>Mas all\u00e1 de la gesti\u00f3n de un informe ocasional<\/b>, CLINREAL le ofrece una formula de acompa\u00f1amiento para consolidar y anticipar su visi\u00f3n a largo plazo.<\/p>\n<p>&nbsp;<\/p>\n<p>Gesti\u00f3n del\u00a0<b>riesgo de exposici\u00f3n<\/b>\u00a0al producto.<\/p>\n<p>&nbsp;<\/p>\n<p>Gesti\u00f3n del\u00a0<b>riesgo industrial<\/b>.<\/p>\n<p>&nbsp;<\/p>\n<p><b>Combinaci\u00f3n de los indicadores\u00a0<\/b>de resultados.[\/vc_column_text][vc_empty_space height=\u00bb60px\u00bb][\/vc_column][\/vc_row][vc_row full_width=\u00bbstretch_row\u00bb gap=\u00bb35&#8243; css=\u00bb.vc_custom_1620737224388{background-image: url(https:\/\/www.clinrealonline.fr\/wp-content\/uploads\/2021\/05\/trait-a-propos.png?id=151) !important;background-position: center !important;background-repeat: no-repeat !important;background-size: contain !important;}\u00bb][vc_column width=\u00bb1\/2&#8243;][vc_empty_space height=\u00bb60px\u00bb][vc_raw_html css=\u00bb\u00bb el_class=\u00bbshadow\u00bb]JTNDdmlkZW8lMjBjb250cm9scyUyMHBvc3RlciUzRCUyMiUyRndwLWNvbnRlbnQlMkZ0aGVtZXMlMkZDbGlucmVhbCUyRmltZyUyRnFjbS12aWdpbGFuY2UucG5nJTIyJTIwd2lkdGglM0QlMjIxMDAlMjUlMjIlM0UlMEElMjAlMjAlM0Nzb3VyY2UlMjBzcmMlM0QlMjIlMkZ3cC1jb250ZW50JTJGdXBsb2FkcyUyRjIwMjQlMkYwNiUyRnFjbV92aWdpbGFuY2UtMTA4MHAubXA0JTIyJTIwdHlwZSUzRCUyMnZpZGVvJTJGbXA0JTIyJTNFJTBBJTIwJTNDc291cmNlJTIwc3JjJTNEJTIyJTJGd3AtY29udGVudCUyRnRoZW1lcyUyRkNsaW5yZWFsJTJGaW1nJTJGcWNtLXZpZ2lsYW5jZS53ZWJtJTIyJTIwdHlwZSUzRCUyMnZpZGVvJTJGd2VibSUyMiUzRSUwQSUyMCUzQ3NvdXJjZSUyMHNyYyUzRCUyMiUyRndwLWNvbnRlbnQlMkZ0aGVtZXMlMkZDbGlucmVhbCUyRmltZyUyRnFjbS12aWdpbGFuY2Uub2dnJTIyJTIwdHlwZSUzRCUyMnZpZGVvJTJGb2dnJTIyJTNFJTBBJTIwJTIwJTIwJTNDcCUzRVZvdHJlJTIwbmF2aWdhdGV1ciUyMG5lJTIwcHJlbmQlMjBwYXMlMjBlbiUyMGNoYXJnZSUyMGxlcyUyMHZpZCVDMyVBOW9zJTIwSFRNTDUuJTBBJTIwJTIwJTIwJTIwJTIwVm9pY2klMjAlM0NhJTIwaHJlZiUzRCUyMiUyRndwLWNvbnRlbnQlMkZ1cGxvYWRzJTJGMjAyNCUyRjA2JTJGcWNtX3ZpZ2lsYW5jZS0xMDgwcC5tcDQlMjIlMjB0YXJnZXQlM0QlMjJfYmxhbmslMjIlM0V1biUyMGxpZW4lMjBwb3VyJTIwdCVDMyVBOWwlQzMlQTljaGFyZ2VyJTIwbGElMjB2aWQlQzMlQTlvJTNDJTJGYSUzRS4lM0MlMkZwJTNFJTBBJTNDJTJGdmlkZW8lM0UlMEE=[\/vc_raw_html][vc_empty_space height=\u00bb60px\u00bb][\/vc_column][vc_column width=\u00bb1\/2&#8243; css=\u00bb.vc_custom_1620729174974{padding-left: 30px !important;}\u00bb][vc_empty_space height=\u00bb120px\u00bb][\/vc_column][\/vc_row][vc_row equal_height=\u00bbyes\u00bb content_placement=\u00bbmiddle\u00bb][vc_column][vc_empty_space]    <div class=\"clinreal-sous-titre \">\n        <h2>\n            <span class=\"sb  withTitletwo \">QCMvigilance\u00ae<\/span>\n        <br\/> <span class=\"titre-deux\">en 5 puntos <\/span> \t\t        <\/h2>\n\n\n    <\/div>\n    [vc_empty_space][vc_row_inner][vc_column_inner width=\u00bb1\/5&#8243;][vc_column_text css_animation=\u00bbfadeIn\u00bb el_class=\u00bbtick\u00bb]<\/p>\n<ul>\n<li><em><strong>Reactividad<\/strong>\u00a0y\u00a0<strong>Fluidez<\/strong>\u00a0de la gesti\u00f3n de los casos.<\/em><\/li>\n<\/ul>\n<p>[\/vc_column_text][vc_empty_space][\/vc_column_inner][vc_column_inner width=\u00bb1\/5&#8243;][vc_column_text css_animation=\u00bbfadeIn\u00bb el_class=\u00bbtick\u00bb]<\/p>\n<ul>\n<li><em><strong>Facilidad <\/strong>de implementaci\u00f3n.<\/em><\/li>\n<\/ul>\n<p>[\/vc_column_text][vc_empty_space][\/vc_column_inner][vc_column_inner width=\u00bb1\/5&#8243;][vc_column_text css_animation=\u00bbfadeIn\u00bb el_class=\u00bbtick\u00bb]<\/p>\n<ul>\n<li><em><strong>Optimizaci\u00f3n<\/strong>\u00a0y\u00a0<strong>Dominio<\/strong>\u00a0de los presupuestos.<\/em><\/li>\n<\/ul>\n<p>[\/vc_column_text][vc_empty_space][\/vc_column_inner][vc_column_inner width=\u00bb1\/5&#8243;][vc_column_text css_animation=\u00bbfadeIn\u00bb el_class=\u00bbtick\u00bb]<\/p>\n<ul>\n<li><em><strong>Accesibilidad<\/strong>\u00a0a los datos en <strong>tiempo real.<\/strong><\/em><\/li>\n<\/ul>\n<p>[\/vc_column_text][vc_empty_space][\/vc_column_inner][vc_column_inner width=\u00bb1\/5&#8243;][vc_column_text css_animation=\u00bbfadeIn\u00bb el_class=\u00bbtick\u00bb]<\/p>\n<ul>\n<li><em>Potencial de\u00a0<strong>data visualizaci\u00f3n.<\/strong><\/em><\/li>\n<\/ul>\n<p>[\/vc_column_text][vc_empty_space][\/vc_column_inner][\/vc_row_inner][vc_empty_space][\/vc_column][\/vc_row][vc_row][vc_column css_animation=\u00bbfadeInUpBig\u00bb][vc_empty_space]\n\t<div class=\"center lienVers\">\n\t     <a  href=\"https:\/\/www.clinrealonline.fr\/contact\/\" title=\"Contact\"  >\n\t\t \t<div class=\"info\">\n\t\t\t <h3>Petici\u00f3n para una presentaci\u00f3n completa<\/h3>\n\t\t\t\n\t\t\t<\/div>\n\t\t\t\t\n\t   <\/a>\n   \n  <\/div>\n\n\t\t\t\n    [vc_empty_space][\/vc_column][\/vc_row]<\/p>\n<\/div>","protected":false},"excerpt":{"rendered":"<p>[vc_row][vc_column width=\u00bb3\/12&#8243;][\/vc_column][vc_column width=\u00bb6\/12&#8243;][vc_empty_space][vc_column_text css=\u00bb\u00bb]QCMvigilance \u00ae, UNA CONTINUACI\u00f3N LOGICA La gesti\u00f3n de la\u00a0Cosmetovigilancia\u00a0has sido desarrollada en continuidad con la Investigaci\u00f3n Cl\u00ednica, privilegiando el\u00a0contacto directo, la atenci\u00f3n y la empat\u00eda hacia el consumidor en Europa y en el Mundo. CLINREAL os acompa\u00f1a\u00a0gracias a un proceso de recogida de las reclamaciones, digital y flexible, cumpliendo con las nuevas [&hellip;]<\/p>\n","protected":false},"author":2,"featured_media":0,"parent":0,"menu_order":0,"comment_status":"closed","ping_status":"closed","template":"","meta":{"_acf_changed":false,"footnotes":""},"class_list":["post-4769","page","type-page","status-publish","hentry"],"acf":[],"yoast_head":"<!-- This site is optimized with the Yoast SEO plugin v27.0 - https:\/\/yoast.com\/product\/yoast-seo-wordpress\/ -->\n<title>Cosmetovigilancia - ClinReal<\/title>\n<meta name=\"description\" content=\"Besoin d\u2019un partenaire pour votre cosm\u00e9tovigilance ? Prestataire Partenaire depuis plus de 15 ans aupr\u00e8s de ses Clients, CLINREAL a d\u00e9velopp\u00e9 un process (QCMvigilance\u00ae) pour la prise en charge des r\u00e9clamations - Qualit\u00e9 Produit \u2013 Cosm\u00e9tovigilance \u2013 Mat\u00e9riovigilance\" \/>\n<meta name=\"robots\" content=\"index, follow, max-snippet:-1, max-image-preview:large, max-video-preview:-1\" \/>\n<link rel=\"canonical\" href=\"https:\/\/www.clinrealonline.fr\/es\/clinreal-partenaire-prestataire-cosmetovigilance\/\" \/>\n<meta property=\"og:locale\" content=\"es_ES\" \/>\n<meta property=\"og:type\" content=\"article\" \/>\n<meta property=\"og:title\" content=\"Cosmetovigilancia - ClinReal\" \/>\n<meta property=\"og:description\" content=\"Besoin d\u2019un partenaire pour votre cosm\u00e9tovigilance ? Prestataire Partenaire depuis plus de 15 ans aupr\u00e8s de ses Clients, CLINREAL a d\u00e9velopp\u00e9 un process (QCMvigilance\u00ae) pour la prise en charge des r\u00e9clamations - Qualit\u00e9 Produit \u2013 Cosm\u00e9tovigilance \u2013 Mat\u00e9riovigilance\" \/>\n<meta property=\"og:url\" content=\"https:\/\/www.clinrealonline.fr\/es\/clinreal-partenaire-prestataire-cosmetovigilance\/\" \/>\n<meta property=\"og:site_name\" content=\"ClinReal\" \/>\n<meta property=\"article:modified_time\" content=\"2025-05-07T11:34:56+00:00\" \/>\n<meta name=\"twitter:card\" content=\"summary_large_image\" \/>\n<meta name=\"twitter:label1\" content=\"Tiempo de lectura\" \/>\n\t<meta name=\"twitter:data1\" content=\"2 minutos\" \/>\n<script type=\"application\/ld+json\" class=\"yoast-schema-graph\">{\"@context\":\"https:\/\/schema.org\",\"@graph\":[{\"@type\":\"WebPage\",\"@id\":\"https:\/\/www.clinrealonline.fr\/es\/clinreal-partenaire-prestataire-cosmetovigilance\/\",\"url\":\"https:\/\/www.clinrealonline.fr\/es\/clinreal-partenaire-prestataire-cosmetovigilance\/\",\"name\":\"Cosmetovigilancia - ClinReal\",\"isPartOf\":{\"@id\":\"https:\/\/www.clinrealonline.fr\/es\/#website\"},\"datePublished\":\"2021-05-11T12:44:50+00:00\",\"dateModified\":\"2025-05-07T11:34:56+00:00\",\"description\":\"Besoin d\u2019un partenaire pour votre cosm\u00e9tovigilance ? Prestataire Partenaire depuis plus de 15 ans aupr\u00e8s de ses Clients, CLINREAL a d\u00e9velopp\u00e9 un process (QCMvigilance\u00ae) pour la prise en charge des r\u00e9clamations - Qualit\u00e9 Produit \u2013 Cosm\u00e9tovigilance \u2013 Mat\u00e9riovigilance\",\"breadcrumb\":{\"@id\":\"https:\/\/www.clinrealonline.fr\/es\/clinreal-partenaire-prestataire-cosmetovigilance\/#breadcrumb\"},\"inLanguage\":\"es\",\"potentialAction\":[{\"@type\":\"ReadAction\",\"target\":[\"https:\/\/www.clinrealonline.fr\/es\/clinreal-partenaire-prestataire-cosmetovigilance\/\"]}]},{\"@type\":\"BreadcrumbList\",\"@id\":\"https:\/\/www.clinrealonline.fr\/es\/clinreal-partenaire-prestataire-cosmetovigilance\/#breadcrumb\",\"itemListElement\":[{\"@type\":\"ListItem\",\"position\":1,\"name\":\"Accueil\",\"item\":\"https:\/\/www.clinrealonline.fr\/es\/clinreal-qcmvigilance-test-clinique\/\"},{\"@type\":\"ListItem\",\"position\":2,\"name\":\"Cosmetovigilancia\"}]},{\"@type\":\"WebSite\",\"@id\":\"https:\/\/www.clinrealonline.fr\/es\/#website\",\"url\":\"https:\/\/www.clinrealonline.fr\/es\/\",\"name\":\"ClinReal\",\"description\":\"\",\"publisher\":{\"@id\":\"https:\/\/www.clinrealonline.fr\/es\/#organization\"},\"potentialAction\":[{\"@type\":\"SearchAction\",\"target\":{\"@type\":\"EntryPoint\",\"urlTemplate\":\"https:\/\/www.clinrealonline.fr\/es\/?s={search_term_string}\"},\"query-input\":{\"@type\":\"PropertyValueSpecification\",\"valueRequired\":true,\"valueName\":\"search_term_string\"}}],\"inLanguage\":\"es\"},{\"@type\":\"Organization\",\"@id\":\"https:\/\/www.clinrealonline.fr\/es\/#organization\",\"name\":\"ClinReal\",\"url\":\"https:\/\/www.clinrealonline.fr\/es\/\",\"logo\":{\"@type\":\"ImageObject\",\"inLanguage\":\"es\",\"@id\":\"https:\/\/www.clinrealonline.fr\/es\/#\/schema\/logo\/image\/\",\"url\":\"https:\/\/www.clinrealonline.fr\/wp-content\/uploads\/2021\/05\/Groupe-27.png\",\"contentUrl\":\"https:\/\/www.clinrealonline.fr\/wp-content\/uploads\/2021\/05\/Groupe-27.png\",\"width\":161,\"height\":109,\"caption\":\"ClinReal\"},\"image\":{\"@id\":\"https:\/\/www.clinrealonline.fr\/es\/#\/schema\/logo\/image\/\"}}]}<\/script>\n<!-- \/ Yoast SEO plugin. -->","yoast_head_json":{"title":"Cosmetovigilancia - ClinReal","description":"Besoin d\u2019un partenaire pour votre cosm\u00e9tovigilance ? Prestataire Partenaire depuis plus de 15 ans aupr\u00e8s de ses Clients, CLINREAL a d\u00e9velopp\u00e9 un process (QCMvigilance\u00ae) pour la prise en charge des r\u00e9clamations - Qualit\u00e9 Produit \u2013 Cosm\u00e9tovigilance \u2013 Mat\u00e9riovigilance","robots":{"index":"index","follow":"follow","max-snippet":"max-snippet:-1","max-image-preview":"max-image-preview:large","max-video-preview":"max-video-preview:-1"},"canonical":"https:\/\/www.clinrealonline.fr\/es\/clinreal-partenaire-prestataire-cosmetovigilance\/","og_locale":"es_ES","og_type":"article","og_title":"Cosmetovigilancia - ClinReal","og_description":"Besoin d\u2019un partenaire pour votre cosm\u00e9tovigilance ? Prestataire Partenaire depuis plus de 15 ans aupr\u00e8s de ses Clients, CLINREAL a d\u00e9velopp\u00e9 un process (QCMvigilance\u00ae) pour la prise en charge des r\u00e9clamations - Qualit\u00e9 Produit \u2013 Cosm\u00e9tovigilance \u2013 Mat\u00e9riovigilance","og_url":"https:\/\/www.clinrealonline.fr\/es\/clinreal-partenaire-prestataire-cosmetovigilance\/","og_site_name":"ClinReal","article_modified_time":"2025-05-07T11:34:56+00:00","twitter_card":"summary_large_image","twitter_misc":{"Tiempo de lectura":"2 minutos"},"schema":{"@context":"https:\/\/schema.org","@graph":[{"@type":"WebPage","@id":"https:\/\/www.clinrealonline.fr\/es\/clinreal-partenaire-prestataire-cosmetovigilance\/","url":"https:\/\/www.clinrealonline.fr\/es\/clinreal-partenaire-prestataire-cosmetovigilance\/","name":"Cosmetovigilancia - ClinReal","isPartOf":{"@id":"https:\/\/www.clinrealonline.fr\/es\/#website"},"datePublished":"2021-05-11T12:44:50+00:00","dateModified":"2025-05-07T11:34:56+00:00","description":"Besoin d\u2019un partenaire pour votre cosm\u00e9tovigilance ? Prestataire Partenaire depuis plus de 15 ans aupr\u00e8s de ses Clients, CLINREAL a d\u00e9velopp\u00e9 un process (QCMvigilance\u00ae) pour la prise en charge des r\u00e9clamations - Qualit\u00e9 Produit \u2013 Cosm\u00e9tovigilance \u2013 Mat\u00e9riovigilance","breadcrumb":{"@id":"https:\/\/www.clinrealonline.fr\/es\/clinreal-partenaire-prestataire-cosmetovigilance\/#breadcrumb"},"inLanguage":"es","potentialAction":[{"@type":"ReadAction","target":["https:\/\/www.clinrealonline.fr\/es\/clinreal-partenaire-prestataire-cosmetovigilance\/"]}]},{"@type":"BreadcrumbList","@id":"https:\/\/www.clinrealonline.fr\/es\/clinreal-partenaire-prestataire-cosmetovigilance\/#breadcrumb","itemListElement":[{"@type":"ListItem","position":1,"name":"Accueil","item":"https:\/\/www.clinrealonline.fr\/es\/clinreal-qcmvigilance-test-clinique\/"},{"@type":"ListItem","position":2,"name":"Cosmetovigilancia"}]},{"@type":"WebSite","@id":"https:\/\/www.clinrealonline.fr\/es\/#website","url":"https:\/\/www.clinrealonline.fr\/es\/","name":"ClinReal","description":"","publisher":{"@id":"https:\/\/www.clinrealonline.fr\/es\/#organization"},"potentialAction":[{"@type":"SearchAction","target":{"@type":"EntryPoint","urlTemplate":"https:\/\/www.clinrealonline.fr\/es\/?s={search_term_string}"},"query-input":{"@type":"PropertyValueSpecification","valueRequired":true,"valueName":"search_term_string"}}],"inLanguage":"es"},{"@type":"Organization","@id":"https:\/\/www.clinrealonline.fr\/es\/#organization","name":"ClinReal","url":"https:\/\/www.clinrealonline.fr\/es\/","logo":{"@type":"ImageObject","inLanguage":"es","@id":"https:\/\/www.clinrealonline.fr\/es\/#\/schema\/logo\/image\/","url":"https:\/\/www.clinrealonline.fr\/wp-content\/uploads\/2021\/05\/Groupe-27.png","contentUrl":"https:\/\/www.clinrealonline.fr\/wp-content\/uploads\/2021\/05\/Groupe-27.png","width":161,"height":109,"caption":"ClinReal"},"image":{"@id":"https:\/\/www.clinrealonline.fr\/es\/#\/schema\/logo\/image\/"}}]}},"_links":{"self":[{"href":"https:\/\/www.clinrealonline.fr\/es\/wp-json\/wp\/v2\/pages\/4769","targetHints":{"allow":["GET"]}}],"collection":[{"href":"https:\/\/www.clinrealonline.fr\/es\/wp-json\/wp\/v2\/pages"}],"about":[{"href":"https:\/\/www.clinrealonline.fr\/es\/wp-json\/wp\/v2\/types\/page"}],"author":[{"embeddable":true,"href":"https:\/\/www.clinrealonline.fr\/es\/wp-json\/wp\/v2\/users\/2"}],"replies":[{"embeddable":true,"href":"https:\/\/www.clinrealonline.fr\/es\/wp-json\/wp\/v2\/comments?post=4769"}],"version-history":[{"count":5,"href":"https:\/\/www.clinrealonline.fr\/es\/wp-json\/wp\/v2\/pages\/4769\/revisions"}],"predecessor-version":[{"id":5641,"href":"https:\/\/www.clinrealonline.fr\/es\/wp-json\/wp\/v2\/pages\/4769\/revisions\/5641"}],"wp:attachment":[{"href":"https:\/\/www.clinrealonline.fr\/es\/wp-json\/wp\/v2\/media?parent=4769"}],"curies":[{"name":"wp","href":"https:\/\/api.w.org\/{rel}","templated":true}]}}