{"id":4584,"date":"2021-05-11T17:15:35","date_gmt":"2021-05-11T15:15:35","guid":{"rendered":"https:\/\/www.clinrealonline.fr\/contact\/"},"modified":"2025-05-07T14:01:05","modified_gmt":"2025-05-07T12:01:05","slug":"contact","status":"publish","type":"page","link":"https:\/\/www.clinrealonline.fr\/es\/contact\/","title":{"rendered":"Contacto"},"content":{"rendered":"<div class=\"wpb-content-wrapper\"><p>[vc_row][vc_column width=\u00bb3\/12&#8243;][\/vc_column][vc_column width=\u00bb6\/12&#8243;]    <div class=\"clinreal-title \">\n        <h1><span class=\"SquareTitle\">Contacto <\/span><br\/><span><\/span><\/h1>\n    <\/div>\n    [vc_empty_space][vc_column_text css=\u00bb\u00bb el_class=\u00bbintro\u00bb]Alguna informaci\u00f3n adicional, un encuentro, una solicitud de pr\u00e1cticas, alguna candidatura espont\u00e1nea, una demanda de colaboraci\u00f3n, de entrevista o tal vez de intervenci\u00f3n cient\u00edfica ?<span class=\"Apple-converted-space\">\u00a0<\/span><\/p>\n<p>Gracias por contactarnos.<\/p>\n<p>D\u00e9jenos su mensaje, le contactaremos cuanto antes.[\/vc_column_text][\/vc_column][vc_column width=\u00bb3\/12&#8243;][\/vc_column][\/vc_row][vc_row][vc_column width=\u00bb1\/2&#8243;][vc_empty_space height=\u00bb120px\u00bb]    <div class=\"clinreal-sous-titre \">\n        <h2>\n            <span class=\"sb  \">Ve\u00e1monos <\/span>\n        \t\t        <\/h2>\n\n\n    <\/div>\n    [vc_empty_space][vc_column_text]<strong>Direcci\u00f3n:<\/strong><br \/>\n66 avenue de l&#8217;URSS 31400 Toulouse<\/p>\n<p><strong>Estaci\u00f3n<\/strong>:<br \/>\nSaint-Agne SNCF (Ligne directe pour la gare Matabiau en 5 minutes )<\/p>\n<p><strong>Metro :<\/strong><br \/>\nSaint-Agne SNCF (Ligne B)<\/p>\n<p><strong>Pista ciclista:<\/strong><br \/>\nLiens google map<\/p>\n<p><strong>Bus : <\/strong><br \/>\nLigne 115 (Saint Agne &#8211; SNCF \/ Universit\u00e9 Paul Sabatier)<br \/>\nLigne 34 (Universit\u00e9 Paul Sabatier \/ Ar\u00e8nes) plus d&#8217;infos<\/p>\n<p>[\/vc_column_text][vc_empty_space height=\u00bb120px\u00bb][\/vc_column][vc_column width=\u00bb1\/2&#8243;][vc_empty_space height=\u00bb120px\u00bb]    <div class=\"clinreal-sous-titre \">\n        <h2>\n            <span class=\"sb  \">Cont\u00e1ctanos<\/span>\n        \t\t        <\/h2>\n\n\n    <\/div>\n    [vc_empty_space][vc_column_text]\n<div class=\"wpcf7 no-js\" id=\"wpcf7-f4756-o1\" lang=\"es-ES\" dir=\"ltr\" data-wpcf7-id=\"4756\">\n<div class=\"screen-reader-response\"><p role=\"status\" aria-live=\"polite\" aria-atomic=\"true\"><\/p> <ul><\/ul><\/div>\n<form action=\"\/es\/wp-json\/wp\/v2\/pages\/4584#wpcf7-f4756-o1\" method=\"post\" class=\"wpcf7-form init\" aria-label=\"Formulario de contacto\" novalidate=\"novalidate\" data-status=\"init\">\n<fieldset class=\"hidden-fields-container\"><input type=\"hidden\" name=\"_wpcf7\" value=\"4756\" \/><input type=\"hidden\" name=\"_wpcf7_version\" value=\"6.1.5\" \/><input type=\"hidden\" name=\"_wpcf7_locale\" value=\"es_ES\" \/><input type=\"hidden\" name=\"_wpcf7_unit_tag\" value=\"wpcf7-f4756-o1\" \/><input type=\"hidden\" name=\"_wpcf7_container_post\" value=\"0\" \/><input type=\"hidden\" name=\"_wpcf7_posted_data_hash\" value=\"\" \/><input type=\"hidden\" name=\"_wpcf7_recaptcha_response\" value=\"\" \/>\n<\/fieldset>\n<div class=\"row\">\n\t<div class=\"col-md-6\">\n\t\t<p><span class=\"wpcf7-form-control-wrap\" data-name=\"your-name\"><input size=\"40\" maxlength=\"400\" class=\"wpcf7-form-control wpcf7-text wpcf7-validates-as-required\" aria-required=\"true\" aria-invalid=\"false\" placeholder=\"Votre nom*\" value=\"\" type=\"text\" name=\"your-name\" \/><\/span>\n\t\t<\/p>\n\t<\/div>\n\t<div class=\"col-md-6\">\n\t\t<p><span class=\"wpcf7-form-control-wrap\" data-name=\"your-firstname\"><input size=\"40\" maxlength=\"400\" class=\"wpcf7-form-control wpcf7-text wpcf7-validates-as-required\" aria-required=\"true\" aria-invalid=\"false\" placeholder=\"Votre pr\u00e9nom*\" value=\"\" type=\"text\" name=\"your-firstname\" \/><\/span>\n\t\t<\/p>\n\t<\/div>\n<\/div>\n<p><span class=\"wpcf7-form-control-wrap\" data-name=\"your-email\"><input size=\"40\" maxlength=\"400\" class=\"wpcf7-form-control wpcf7-email wpcf7-validates-as-required wpcf7-text wpcf7-validates-as-email\" aria-required=\"true\" aria-invalid=\"false\" placeholder=\"Votre email*\" value=\"\" type=\"email\" name=\"your-email\" \/><\/span>\n<\/p>\n<p><span class=\"wpcf7-form-control-wrap\" data-name=\"your-message\"><textarea cols=\"40\" rows=\"7\" maxlength=\"2000\" class=\"wpcf7-form-control wpcf7-textarea\" aria-invalid=\"false\" placeholder=\"Votre message*\" name=\"your-message\"><\/textarea><\/span>\n<\/p>\n<p><input class=\"wpcf7-form-control wpcf7-submit has-spinner\" type=\"submit\" value=\"Envoyer\" \/>\n<\/p><div class=\"wpcf7-response-output\" aria-hidden=\"true\"><\/div>\n<\/form>\n<\/div>\n[\/vc_column_text][vc_empty_space][vc_text_separator title=\u00bbOU\u00bb css_animation=\u00bbfadeIn\u00bb][vc_empty_space][vc_row_inner el_id=\u00bbsocial\u00bb][vc_column_inner width=\u00bb1\/3&#8243;][vc_icon icon_fontawesome=\u00bbfab fa-instagram\u00bb color=\u00bbchino\u00bb background_style=\u00bbrounded-outline\u00bb background_color=\u00bbchino\u00bb align=\u00bbcenter\u00bb css_animation=\u00bbfadeInRightBig\u00bb link=\u00bburl:https%3A%2F%2Fwww.facebook.com%2FClinReal%2F|target:_blank\u00bb][\/vc_column_inner][vc_column_inner width=\u00bb1\/3&#8243;][vc_icon icon_fontawesome=\u00bbfab fa-linkedin-in\u00bb color=\u00bbchino\u00bb background_style=\u00bbrounded-outline\u00bb background_color=\u00bbchino\u00bb align=\u00bbcenter\u00bb css_animation=\u00bbfadeInRightBig\u00bb link=\u00bburl:https%3A%2F%2Fwww.linkedin.com%2Fcompany%2Fclinrealonline%2F%3ForiginalSubdomain%3Dfr|target:_blank\u00bb][\/vc_column_inner][vc_column_inner width=\u00bb1\/3&#8243;][vc_icon icon_fontawesome=\u00bbfab fa-facebook-f\u00bb color=\u00bbchino\u00bb background_style=\u00bbrounded-outline\u00bb background_color=\u00bbchino\u00bb align=\u00bbcenter\u00bb css_animation=\u00bbfadeInRightBig\u00bb link=\u00bburl:https%3A%2F%2Fwww.facebook.com%2FClinReal%2F|target:_blank\u00bb][\/vc_column_inner][\/vc_row_inner][vc_empty_space height=\u00bb120px\u00bb][\/vc_column][\/vc_row]<\/p>\n<\/div>","protected":false},"excerpt":{"rendered":"<p>[vc_row][vc_column width=\u00bb3\/12&#8243;][\/vc_column][vc_column width=\u00bb6\/12&#8243;][vc_empty_space][vc_column_text css=\u00bb\u00bb el_class=\u00bbintro\u00bb]Alguna informaci\u00f3n adicional, un encuentro, una solicitud de pr\u00e1cticas, alguna candidatura espont\u00e1nea, una demanda de colaboraci\u00f3n, de entrevista o tal vez de intervenci\u00f3n cient\u00edfica ?\u00a0 Gracias por contactarnos. D\u00e9jenos su mensaje, le contactaremos cuanto antes.[\/vc_column_text][\/vc_column][vc_column width=\u00bb3\/12&#8243;][\/vc_column][\/vc_row][vc_row][vc_column width=\u00bb1\/2&#8243;][vc_empty_space height=\u00bb120px\u00bb][vc_empty_space][vc_column_text]Direcci\u00f3n: 66 avenue de l&#8217;URSS 31400 Toulouse Estaci\u00f3n: Saint-Agne SNCF (Ligne directe pour la [&hellip;]<\/p>\n","protected":false},"author":2,"featured_media":0,"parent":0,"menu_order":0,"comment_status":"closed","ping_status":"closed","template":"","meta":{"_acf_changed":false,"footnotes":""},"class_list":["post-4584","page","type-page","status-publish","hentry"],"acf":[],"yoast_head":"<!-- This site is optimized with the Yoast SEO plugin v27.0 - https:\/\/yoast.com\/product\/yoast-seo-wordpress\/ -->\n<title>Contacto - ClinReal<\/title>\n<meta name=\"robots\" content=\"index, follow, max-snippet:-1, max-image-preview:large, max-video-preview:-1\" \/>\n<link rel=\"canonical\" href=\"https:\/\/www.clinrealonline.fr\/es\/contact\/\" \/>\n<meta property=\"og:locale\" content=\"es_ES\" \/>\n<meta property=\"og:type\" content=\"article\" \/>\n<meta property=\"og:title\" content=\"Contacto - ClinReal\" \/>\n<meta property=\"og:description\" content=\"[vc_row][vc_column width=\u00bb3\/12&#8243;][\/vc_column][vc_column width=\u00bb6\/12&#8243;][vc_empty_space][vc_column_text css=\u00bb\u00bb el_class=\u00bbintro\u00bb]Alguna informaci\u00f3n adicional, un encuentro, una solicitud de pr\u00e1cticas, alguna candidatura espont\u00e1nea, una demanda de colaboraci\u00f3n, de entrevista o tal vez de intervenci\u00f3n cient\u00edfica ?\u00a0 Gracias por contactarnos. D\u00e9jenos su mensaje, le contactaremos cuanto antes.[\/vc_column_text][\/vc_column][vc_column width=\u00bb3\/12&#8243;][\/vc_column][\/vc_row][vc_row][vc_column width=\u00bb1\/2&#8243;][vc_empty_space height=\u00bb120px\u00bb][vc_empty_space][vc_column_text]Direcci\u00f3n: 66 avenue de l&#8217;URSS 31400 Toulouse Estaci\u00f3n: Saint-Agne SNCF (Ligne directe pour la [&hellip;]\" \/>\n<meta property=\"og:url\" content=\"https:\/\/www.clinrealonline.fr\/es\/contact\/\" \/>\n<meta property=\"og:site_name\" content=\"ClinReal\" \/>\n<meta property=\"article:modified_time\" content=\"2025-05-07T12:01:05+00:00\" \/>\n<meta name=\"twitter:card\" content=\"summary_large_image\" \/>\n<meta name=\"twitter:label1\" content=\"Tiempo de lectura\" \/>\n\t<meta name=\"twitter:data1\" content=\"1 minuto\" \/>\n<script type=\"application\/ld+json\" class=\"yoast-schema-graph\">{\"@context\":\"https:\/\/schema.org\",\"@graph\":[{\"@type\":\"WebPage\",\"@id\":\"https:\/\/www.clinrealonline.fr\/es\/contact\/\",\"url\":\"https:\/\/www.clinrealonline.fr\/es\/contact\/\",\"name\":\"Contacto - ClinReal\",\"isPartOf\":{\"@id\":\"https:\/\/www.clinrealonline.fr\/es\/#website\"},\"datePublished\":\"2021-05-11T15:15:35+00:00\",\"dateModified\":\"2025-05-07T12:01:05+00:00\",\"breadcrumb\":{\"@id\":\"https:\/\/www.clinrealonline.fr\/es\/contact\/#breadcrumb\"},\"inLanguage\":\"es\",\"potentialAction\":[{\"@type\":\"ReadAction\",\"target\":[\"https:\/\/www.clinrealonline.fr\/es\/contact\/\"]}]},{\"@type\":\"BreadcrumbList\",\"@id\":\"https:\/\/www.clinrealonline.fr\/es\/contact\/#breadcrumb\",\"itemListElement\":[{\"@type\":\"ListItem\",\"position\":1,\"name\":\"Accueil\",\"item\":\"https:\/\/www.clinrealonline.fr\/es\/clinreal-qcmvigilance-test-clinique\/\"},{\"@type\":\"ListItem\",\"position\":2,\"name\":\"Contacto\"}]},{\"@type\":\"WebSite\",\"@id\":\"https:\/\/www.clinrealonline.fr\/es\/#website\",\"url\":\"https:\/\/www.clinrealonline.fr\/es\/\",\"name\":\"ClinReal\",\"description\":\"\",\"publisher\":{\"@id\":\"https:\/\/www.clinrealonline.fr\/es\/#organization\"},\"potentialAction\":[{\"@type\":\"SearchAction\",\"target\":{\"@type\":\"EntryPoint\",\"urlTemplate\":\"https:\/\/www.clinrealonline.fr\/es\/?s={search_term_string}\"},\"query-input\":{\"@type\":\"PropertyValueSpecification\",\"valueRequired\":true,\"valueName\":\"search_term_string\"}}],\"inLanguage\":\"es\"},{\"@type\":\"Organization\",\"@id\":\"https:\/\/www.clinrealonline.fr\/es\/#organization\",\"name\":\"ClinReal\",\"url\":\"https:\/\/www.clinrealonline.fr\/es\/\",\"logo\":{\"@type\":\"ImageObject\",\"inLanguage\":\"es\",\"@id\":\"https:\/\/www.clinrealonline.fr\/es\/#\/schema\/logo\/image\/\",\"url\":\"https:\/\/www.clinrealonline.fr\/wp-content\/uploads\/2021\/05\/Groupe-27.png\",\"contentUrl\":\"https:\/\/www.clinrealonline.fr\/wp-content\/uploads\/2021\/05\/Groupe-27.png\",\"width\":161,\"height\":109,\"caption\":\"ClinReal\"},\"image\":{\"@id\":\"https:\/\/www.clinrealonline.fr\/es\/#\/schema\/logo\/image\/\"}}]}<\/script>\n<!-- \/ Yoast SEO plugin. -->","yoast_head_json":{"title":"Contacto - ClinReal","robots":{"index":"index","follow":"follow","max-snippet":"max-snippet:-1","max-image-preview":"max-image-preview:large","max-video-preview":"max-video-preview:-1"},"canonical":"https:\/\/www.clinrealonline.fr\/es\/contact\/","og_locale":"es_ES","og_type":"article","og_title":"Contacto - ClinReal","og_description":"[vc_row][vc_column width=\u00bb3\/12&#8243;][\/vc_column][vc_column width=\u00bb6\/12&#8243;][vc_empty_space][vc_column_text css=\u00bb\u00bb el_class=\u00bbintro\u00bb]Alguna informaci\u00f3n adicional, un encuentro, una solicitud de pr\u00e1cticas, alguna candidatura espont\u00e1nea, una demanda de colaboraci\u00f3n, de entrevista o tal vez de intervenci\u00f3n cient\u00edfica ?\u00a0 Gracias por contactarnos. D\u00e9jenos su mensaje, le contactaremos cuanto antes.[\/vc_column_text][\/vc_column][vc_column width=\u00bb3\/12&#8243;][\/vc_column][\/vc_row][vc_row][vc_column width=\u00bb1\/2&#8243;][vc_empty_space height=\u00bb120px\u00bb][vc_empty_space][vc_column_text]Direcci\u00f3n: 66 avenue de l&#8217;URSS 31400 Toulouse Estaci\u00f3n: Saint-Agne SNCF (Ligne directe pour la [&hellip;]","og_url":"https:\/\/www.clinrealonline.fr\/es\/contact\/","og_site_name":"ClinReal","article_modified_time":"2025-05-07T12:01:05+00:00","twitter_card":"summary_large_image","twitter_misc":{"Tiempo de lectura":"1 minuto"},"schema":{"@context":"https:\/\/schema.org","@graph":[{"@type":"WebPage","@id":"https:\/\/www.clinrealonline.fr\/es\/contact\/","url":"https:\/\/www.clinrealonline.fr\/es\/contact\/","name":"Contacto - ClinReal","isPartOf":{"@id":"https:\/\/www.clinrealonline.fr\/es\/#website"},"datePublished":"2021-05-11T15:15:35+00:00","dateModified":"2025-05-07T12:01:05+00:00","breadcrumb":{"@id":"https:\/\/www.clinrealonline.fr\/es\/contact\/#breadcrumb"},"inLanguage":"es","potentialAction":[{"@type":"ReadAction","target":["https:\/\/www.clinrealonline.fr\/es\/contact\/"]}]},{"@type":"BreadcrumbList","@id":"https:\/\/www.clinrealonline.fr\/es\/contact\/#breadcrumb","itemListElement":[{"@type":"ListItem","position":1,"name":"Accueil","item":"https:\/\/www.clinrealonline.fr\/es\/clinreal-qcmvigilance-test-clinique\/"},{"@type":"ListItem","position":2,"name":"Contacto"}]},{"@type":"WebSite","@id":"https:\/\/www.clinrealonline.fr\/es\/#website","url":"https:\/\/www.clinrealonline.fr\/es\/","name":"ClinReal","description":"","publisher":{"@id":"https:\/\/www.clinrealonline.fr\/es\/#organization"},"potentialAction":[{"@type":"SearchAction","target":{"@type":"EntryPoint","urlTemplate":"https:\/\/www.clinrealonline.fr\/es\/?s={search_term_string}"},"query-input":{"@type":"PropertyValueSpecification","valueRequired":true,"valueName":"search_term_string"}}],"inLanguage":"es"},{"@type":"Organization","@id":"https:\/\/www.clinrealonline.fr\/es\/#organization","name":"ClinReal","url":"https:\/\/www.clinrealonline.fr\/es\/","logo":{"@type":"ImageObject","inLanguage":"es","@id":"https:\/\/www.clinrealonline.fr\/es\/#\/schema\/logo\/image\/","url":"https:\/\/www.clinrealonline.fr\/wp-content\/uploads\/2021\/05\/Groupe-27.png","contentUrl":"https:\/\/www.clinrealonline.fr\/wp-content\/uploads\/2021\/05\/Groupe-27.png","width":161,"height":109,"caption":"ClinReal"},"image":{"@id":"https:\/\/www.clinrealonline.fr\/es\/#\/schema\/logo\/image\/"}}]}},"_links":{"self":[{"href":"https:\/\/www.clinrealonline.fr\/es\/wp-json\/wp\/v2\/pages\/4584","targetHints":{"allow":["GET"]}}],"collection":[{"href":"https:\/\/www.clinrealonline.fr\/es\/wp-json\/wp\/v2\/pages"}],"about":[{"href":"https:\/\/www.clinrealonline.fr\/es\/wp-json\/wp\/v2\/types\/page"}],"author":[{"embeddable":true,"href":"https:\/\/www.clinrealonline.fr\/es\/wp-json\/wp\/v2\/users\/2"}],"replies":[{"embeddable":true,"href":"https:\/\/www.clinrealonline.fr\/es\/wp-json\/wp\/v2\/comments?post=4584"}],"version-history":[{"count":6,"href":"https:\/\/www.clinrealonline.fr\/es\/wp-json\/wp\/v2\/pages\/4584\/revisions"}],"predecessor-version":[{"id":5643,"href":"https:\/\/www.clinrealonline.fr\/es\/wp-json\/wp\/v2\/pages\/4584\/revisions\/5643"}],"wp:attachment":[{"href":"https:\/\/www.clinrealonline.fr\/es\/wp-json\/wp\/v2\/media?parent=4584"}],"curies":[{"name":"wp","href":"https:\/\/api.w.org\/{rel}","templated":true}]}}