{"id":4793,"date":"2021-05-11T14:44:50","date_gmt":"2021-05-11T12:44:50","guid":{"rendered":"https:\/\/www.clinrealonline.fr\/cosmetovigilance\/"},"modified":"2024-06-07T17:28:13","modified_gmt":"2024-06-07T15:28:13","slug":"cosmetovigilance","status":"publish","type":"page","link":"https:\/\/www.clinrealonline.fr\/en\/cosmetovigilance\/","title":{"rendered":"Cosmetovigilance"},"content":{"rendered":"<div class=\"wpb-content-wrapper\"><p>[vc_row][vc_column width=&#8221;3\/12&#8243;][\/vc_column][vc_column width=&#8221;6\/12&#8243;]    <div class=\"clinreal-title \">\n        <h1><span class=\"SquareTitle\">Cosmeto <\/span><br\/><span>vigilance<\/span><\/h1>\n    <\/div>\n    [vc_empty_space][vc_column_text]<span style=\"color: #cd897d;\">QCMvigilance \u00ae, A LOGICAL CONTINUATION<\/span><\/p>\n<p>The <strong>Cosmetovigilance<\/strong> management has been developed supporting the clinical research by promoting <strong>direct contact<\/strong>, listening and consumer\u2019s empathy in Europe and World-wide.<\/p>\n<p><strong>CLINREAL provides you<\/strong> a claim collecting process, digital and flexible, matching the consumers\u2019 new cultural and societal requirements <strong>world-wide<\/strong>.[\/vc_column_text][\/vc_column][vc_column width=&#8221;3\/12&#8243;][\/vc_column][\/vc_row][vc_row][vc_column css_animation=&#8221;fadeIn&#8221; width=&#8221;1\/2&#8243;][vc_empty_space height=&#8221;120px&#8221;]    <div class=\"clinreal-sous-titre text-gris\">\n        <h2>\n            <span class=\"sb  \">Improve your performances, secure your image<\/span>\n        \t\t        <\/h2>\n\n\n    <\/div>\n    [vc_empty_space][vc_column_text]<strong>Zero defect objective<\/strong>: understanding and resolving the customer\u2019s dissatisfaction (quality defect, adverse effect, dysfunction).<\/p>\n<p>&nbsp;<\/p>\n<p><strong>Recovering the customer\u2019 satisfaction<\/strong>: with a direct and reactive contact associated with qualitative listening and empathy from our team.<\/p>\n<p>&nbsp;<\/p>\n<p><strong>Reassuring<\/strong>: guarantee to comply with the regulation requirements<\/p>\n<p>&nbsp;<\/p>\n<p><strong>International management<\/strong>: thanks to an important network of language callers.[\/vc_column_text][vc_empty_space height=&#8221;60px&#8221;][\/vc_column][vc_column css_animation=&#8221;fadeIn&#8221; width=&#8221;1\/2&#8243;][vc_empty_space height=&#8221;120px&#8221;]    <div class=\"clinreal-sous-titre text-gris\">\n        <h2>\n            <span class=\"sb  \">Choose a win-win support<\/span>\n        \t\t        <\/h2>\n\n\n    <\/div>\n    [vc_empty_space][vc_column_text]<strong>Beyond a one-time file management<\/strong>, CLINREAL offers you a support plan for consolidating and anticipating your long-term vision.<\/p>\n<p>&nbsp;<\/p>\n<p>Management of the <strong>risk-exposure<\/strong> to the product.<\/p>\n<p>&nbsp;<\/p>\n<p>Management of the <strong>industrial risk<\/strong>.<\/p>\n<p>&nbsp;<\/p>\n<p><strong>Sharing <\/strong>of the performance <strong>indicators<\/strong>.[\/vc_column_text][vc_empty_space height=&#8221;60px&#8221;][\/vc_column][\/vc_row][vc_row full_width=&#8221;stretch_row&#8221; gap=&#8221;35&#8243; css=&#8221;.vc_custom_1662456986239{background-image: url(https:\/\/www.clinrealonline.fr\/wp-content\/uploads\/2021\/05\/trait-a-propos.png?id=4322) !important;background-position: center !important;background-repeat: no-repeat !important;background-size: contain !important;}&#8221;][vc_column css_animation=&#8221;fadeIn&#8221; width=&#8221;1\/2&#8243;][vc_empty_space height=&#8221;60px&#8221;][vc_raw_html css=&#8221;&#8221; el_class=&#8221;shadow&#8221;]JTNDdmlkZW8lMjBjb250cm9scyUyMHBvc3RlciUzRCUyMiUyRndwLWNvbnRlbnQlMkZ0aGVtZXMlMkZDbGlucmVhbCUyRmltZyUyRnFjbS12aWdpbGFuY2UucG5nJTIyJTIwd2lkdGglM0QlMjIxMDAlMjUlMjIlM0UlMEElMjAlMjAlM0Nzb3VyY2UlMjBzcmMlM0QlMjIlMkZ3cC1jb250ZW50JTJGdXBsb2FkcyUyRjIwMjQlMkYwNiUyRnFjbV92aWdpbGFuY2UtMTA4MHAubXA0JTIyJTIwdHlwZSUzRCUyMnZpZGVvJTJGbXA0JTIyJTNFJTBBJTIwJTNDc291cmNlJTIwc3JjJTNEJTIyJTJGd3AtY29udGVudCUyRnRoZW1lcyUyRkNsaW5yZWFsJTJGaW1nJTJGcWNtLXZpZ2lsYW5jZS53ZWJtJTIyJTIwdHlwZSUzRCUyMnZpZGVvJTJGd2VibSUyMiUzRSUwQSUyMCUzQ3NvdXJjZSUyMHNyYyUzRCUyMiUyRndwLWNvbnRlbnQlMkZ0aGVtZXMlMkZDbGlucmVhbCUyRmltZyUyRnFjbS12aWdpbGFuY2Uub2dnJTIyJTIwdHlwZSUzRCUyMnZpZGVvJTJGb2dnJTIyJTNFJTBBJTIwJTIwJTIwJTNDcCUzRVZvdHJlJTIwbmF2aWdhdGV1ciUyMG5lJTIwcHJlbmQlMjBwYXMlMjBlbiUyMGNoYXJnZSUyMGxlcyUyMHZpZCVDMyVBOW9zJTIwSFRNTDUuJTBBJTIwJTIwJTIwJTIwJTIwVm9pY2klMjAlM0NhJTIwaHJlZiUzRCUyMiUyRndwLWNvbnRlbnQlMkZ1cGxvYWRzJTJGMjAyNCUyRjA2JTJGcWNtX3ZpZ2lsYW5jZS0xMDgwcC5tcDQlMjIlMjB0YXJnZXQlM0QlMjJfYmxhbmslMjIlM0V1biUyMGxpZW4lMjBwb3VyJTIwdCVDMyVBOWwlQzMlQTljaGFyZ2VyJTIwbGElMjB2aWQlQzMlQTlvJTNDJTJGYSUzRS4lM0MlMkZwJTNFJTBBJTNDJTJGdmlkZW8lM0U=[\/vc_raw_html][vc_empty_space height=&#8221;60px&#8221;][\/vc_column][vc_column css_animation=&#8221;fadeIn&#8221; width=&#8221;1\/2&#8243;][vc_empty_space height=&#8221;120px&#8221;][\/vc_column][\/vc_row][vc_row equal_height=&#8221;yes&#8221; content_placement=&#8221;middle&#8221;][vc_column][vc_empty_space]    <div class=\"clinreal-sous-titre \">\n        <h2>\n            <span class=\"sb  withTitletwo \">QCMvigilance\u00ae<\/span>\n        <br\/> <span class=\"titre-deux\">in 5 points <\/span> \t\t        <\/h2>\n\n\n    <\/div>\n    [vc_empty_space][vc_row_inner][vc_column_inner width=&#8221;1\/5&#8243;][vc_column_text css_animation=&#8221;fadeIn&#8221; el_class=&#8221;tick&#8221;]<\/p>\n<ul>\n<li><em>Reactivity<\/em>\u00a0and\u00a0<em>Fluidity<\/em>\u00a0in the cases management.<\/li>\n<\/ul>\n<p>[\/vc_column_text][vc_empty_space][\/vc_column_inner][vc_column_inner width=&#8221;1\/5&#8243;][vc_column_text css_animation=&#8221;fadeIn&#8221; el_class=&#8221;tick&#8221;]<\/p>\n<ul>\n<li><em>Ease<\/em>\u00a0of deployment.<\/li>\n<\/ul>\n<p>[\/vc_column_text][vc_empty_space][\/vc_column_inner][vc_column_inner width=&#8221;1\/5&#8243;][vc_column_text css_animation=&#8221;fadeIn&#8221; el_class=&#8221;tick&#8221;]<\/p>\n<ul>\n<li><em>Optimization<\/em>\u00a0and\u00a0<em>Mastery<\/em>\u00a0of budgets.<\/li>\n<\/ul>\n<p>[\/vc_column_text][vc_empty_space][\/vc_column_inner][vc_column_inner width=&#8221;1\/5&#8243;][vc_column_text css_animation=&#8221;fadeIn&#8221; el_class=&#8221;tick&#8221;]<\/p>\n<ul>\n<li><em>Accessibility<\/em>\u00a0to data in <em>real-time.<\/em><\/li>\n<\/ul>\n<p>[\/vc_column_text][vc_empty_space][\/vc_column_inner][vc_column_inner width=&#8221;1\/5&#8243;][vc_column_text css_animation=&#8221;fadeIn&#8221; el_class=&#8221;tick&#8221;]<\/p>\n<ul>\n<li>Potential of\u00a0<em>data visualization.<\/em><\/li>\n<\/ul>\n<p>[\/vc_column_text][vc_empty_space][\/vc_column_inner][\/vc_row_inner][vc_empty_space][\/vc_column][\/vc_row][vc_row][vc_column css_animation=&#8221;fadeInUpBig&#8221;][vc_empty_space]\n\t<div class=\"center lienVers\">\n\t     <a  href=\"https:\/\/www.clinrealonline.fr\/contact\/\" title=\"Contact\"  >\n\t\t \t<div class=\"info\">\n\t\t\t <h3>Request for a comprehensive presentation<\/h3>\n\t\t\t\n\t\t\t<\/div>\n\t\t\t\t\n\t   <\/a>\n   \n  <\/div>\n\n\t\t\t\n    [vc_empty_space][\/vc_column][\/vc_row]<\/p>\n<\/div>","protected":false},"excerpt":{"rendered":"<p>[vc_row][vc_column width=&#8221;3\/12&#8243;][\/vc_column][vc_column width=&#8221;6\/12&#8243;][vc_empty_space][vc_column_text]QCMvigilance \u00ae, A LOGICAL CONTINUATION The Cosmetovigilance management has been developed supporting the clinical research by promoting direct contact, listening and consumer\u2019s empathy in Europe and World-wide. CLINREAL provides you a claim collecting process, digital and flexible, matching the consumers\u2019 new cultural and societal requirements world-wide.[\/vc_column_text][\/vc_column][vc_column width=&#8221;3\/12&#8243;][\/vc_column][\/vc_row][vc_row][vc_column css_animation=&#8221;fadeIn&#8221; width=&#8221;1\/2&#8243;][vc_empty_space height=&#8221;120px&#8221;][vc_empty_space][vc_column_text]Zero defect objective: understanding [&hellip;]<\/p>\n","protected":false},"author":2,"featured_media":0,"parent":0,"menu_order":0,"comment_status":"closed","ping_status":"closed","template":"","meta":{"_acf_changed":false,"footnotes":""},"class_list":["post-4793","page","type-page","status-publish","hentry"],"acf":[],"yoast_head":"<!-- This site is optimized with the Yoast SEO plugin v27.0 - https:\/\/yoast.com\/product\/yoast-seo-wordpress\/ -->\n<title>Cosmetovigilance - ClinReal<\/title>\n<meta name=\"description\" content=\"Besoin d\u2019un partenaire pour votre cosm\u00e9tovigilance ? Prestataire Partenaire depuis plus de 15 ans aupr\u00e8s de ses Clients, CLINREAL a d\u00e9velopp\u00e9 un process (QCMvigilance\u00ae) pour la prise en charge des r\u00e9clamations - Qualit\u00e9 Produit \u2013 Cosm\u00e9tovigilance \u2013 Mat\u00e9riovigilance\" \/>\n<meta name=\"robots\" content=\"index, follow, max-snippet:-1, max-image-preview:large, max-video-preview:-1\" \/>\n<link rel=\"canonical\" href=\"https:\/\/www.clinrealonline.fr\/en\/cosmetovigilance\/\" \/>\n<meta property=\"og:locale\" content=\"en_US\" \/>\n<meta property=\"og:type\" content=\"article\" \/>\n<meta property=\"og:title\" content=\"Cosmetovigilance - ClinReal\" \/>\n<meta property=\"og:description\" content=\"Besoin d\u2019un partenaire pour votre cosm\u00e9tovigilance ? Prestataire Partenaire depuis plus de 15 ans aupr\u00e8s de ses Clients, CLINREAL a d\u00e9velopp\u00e9 un process (QCMvigilance\u00ae) pour la prise en charge des r\u00e9clamations - Qualit\u00e9 Produit \u2013 Cosm\u00e9tovigilance \u2013 Mat\u00e9riovigilance\" \/>\n<meta property=\"og:url\" content=\"https:\/\/www.clinrealonline.fr\/en\/cosmetovigilance\/\" \/>\n<meta property=\"og:site_name\" content=\"ClinReal\" \/>\n<meta property=\"article:modified_time\" content=\"2024-06-07T15:28:13+00:00\" \/>\n<meta name=\"twitter:card\" content=\"summary_large_image\" \/>\n<meta name=\"twitter:label1\" content=\"Est. reading time\" \/>\n\t<meta name=\"twitter:data1\" content=\"2 minutes\" \/>\n<script type=\"application\/ld+json\" class=\"yoast-schema-graph\">{\"@context\":\"https:\/\/schema.org\",\"@graph\":[{\"@type\":\"WebPage\",\"@id\":\"https:\/\/www.clinrealonline.fr\/en\/cosmetovigilance\/\",\"url\":\"https:\/\/www.clinrealonline.fr\/en\/cosmetovigilance\/\",\"name\":\"Cosmetovigilance - ClinReal\",\"isPartOf\":{\"@id\":\"https:\/\/www.clinrealonline.fr\/en\/#website\"},\"datePublished\":\"2021-05-11T12:44:50+00:00\",\"dateModified\":\"2024-06-07T15:28:13+00:00\",\"description\":\"Besoin d\u2019un partenaire pour votre cosm\u00e9tovigilance ? Prestataire Partenaire depuis plus de 15 ans aupr\u00e8s de ses Clients, CLINREAL a d\u00e9velopp\u00e9 un process (QCMvigilance\u00ae) pour la prise en charge des r\u00e9clamations - Qualit\u00e9 Produit \u2013 Cosm\u00e9tovigilance \u2013 Mat\u00e9riovigilance\",\"breadcrumb\":{\"@id\":\"https:\/\/www.clinrealonline.fr\/en\/cosmetovigilance\/#breadcrumb\"},\"inLanguage\":\"en-US\",\"potentialAction\":[{\"@type\":\"ReadAction\",\"target\":[\"https:\/\/www.clinrealonline.fr\/en\/cosmetovigilance\/\"]}]},{\"@type\":\"BreadcrumbList\",\"@id\":\"https:\/\/www.clinrealonline.fr\/en\/cosmetovigilance\/#breadcrumb\",\"itemListElement\":[{\"@type\":\"ListItem\",\"position\":1,\"name\":\"Accueil\",\"item\":\"https:\/\/www.clinrealonline.fr\/en\/\"},{\"@type\":\"ListItem\",\"position\":2,\"name\":\"Cosmetovigilance\"}]},{\"@type\":\"WebSite\",\"@id\":\"https:\/\/www.clinrealonline.fr\/en\/#website\",\"url\":\"https:\/\/www.clinrealonline.fr\/en\/\",\"name\":\"ClinReal\",\"description\":\"\",\"publisher\":{\"@id\":\"https:\/\/www.clinrealonline.fr\/en\/#organization\"},\"potentialAction\":[{\"@type\":\"SearchAction\",\"target\":{\"@type\":\"EntryPoint\",\"urlTemplate\":\"https:\/\/www.clinrealonline.fr\/en\/?s={search_term_string}\"},\"query-input\":{\"@type\":\"PropertyValueSpecification\",\"valueRequired\":true,\"valueName\":\"search_term_string\"}}],\"inLanguage\":\"en-US\"},{\"@type\":\"Organization\",\"@id\":\"https:\/\/www.clinrealonline.fr\/en\/#organization\",\"name\":\"ClinReal\",\"url\":\"https:\/\/www.clinrealonline.fr\/en\/\",\"logo\":{\"@type\":\"ImageObject\",\"inLanguage\":\"en-US\",\"@id\":\"https:\/\/www.clinrealonline.fr\/en\/#\/schema\/logo\/image\/\",\"url\":\"https:\/\/www.clinrealonline.fr\/wp-content\/uploads\/2021\/05\/Groupe-27.png\",\"contentUrl\":\"https:\/\/www.clinrealonline.fr\/wp-content\/uploads\/2021\/05\/Groupe-27.png\",\"width\":161,\"height\":109,\"caption\":\"ClinReal\"},\"image\":{\"@id\":\"https:\/\/www.clinrealonline.fr\/en\/#\/schema\/logo\/image\/\"}}]}<\/script>\n<!-- \/ Yoast SEO plugin. -->","yoast_head_json":{"title":"Cosmetovigilance - ClinReal","description":"Besoin d\u2019un partenaire pour votre cosm\u00e9tovigilance ? Prestataire Partenaire depuis plus de 15 ans aupr\u00e8s de ses Clients, CLINREAL a d\u00e9velopp\u00e9 un process (QCMvigilance\u00ae) pour la prise en charge des r\u00e9clamations - Qualit\u00e9 Produit \u2013 Cosm\u00e9tovigilance \u2013 Mat\u00e9riovigilance","robots":{"index":"index","follow":"follow","max-snippet":"max-snippet:-1","max-image-preview":"max-image-preview:large","max-video-preview":"max-video-preview:-1"},"canonical":"https:\/\/www.clinrealonline.fr\/en\/cosmetovigilance\/","og_locale":"en_US","og_type":"article","og_title":"Cosmetovigilance - ClinReal","og_description":"Besoin d\u2019un partenaire pour votre cosm\u00e9tovigilance ? Prestataire Partenaire depuis plus de 15 ans aupr\u00e8s de ses Clients, CLINREAL a d\u00e9velopp\u00e9 un process (QCMvigilance\u00ae) pour la prise en charge des r\u00e9clamations - Qualit\u00e9 Produit \u2013 Cosm\u00e9tovigilance \u2013 Mat\u00e9riovigilance","og_url":"https:\/\/www.clinrealonline.fr\/en\/cosmetovigilance\/","og_site_name":"ClinReal","article_modified_time":"2024-06-07T15:28:13+00:00","twitter_card":"summary_large_image","twitter_misc":{"Est. reading time":"2 minutes"},"schema":{"@context":"https:\/\/schema.org","@graph":[{"@type":"WebPage","@id":"https:\/\/www.clinrealonline.fr\/en\/cosmetovigilance\/","url":"https:\/\/www.clinrealonline.fr\/en\/cosmetovigilance\/","name":"Cosmetovigilance - ClinReal","isPartOf":{"@id":"https:\/\/www.clinrealonline.fr\/en\/#website"},"datePublished":"2021-05-11T12:44:50+00:00","dateModified":"2024-06-07T15:28:13+00:00","description":"Besoin d\u2019un partenaire pour votre cosm\u00e9tovigilance ? Prestataire Partenaire depuis plus de 15 ans aupr\u00e8s de ses Clients, CLINREAL a d\u00e9velopp\u00e9 un process (QCMvigilance\u00ae) pour la prise en charge des r\u00e9clamations - Qualit\u00e9 Produit \u2013 Cosm\u00e9tovigilance \u2013 Mat\u00e9riovigilance","breadcrumb":{"@id":"https:\/\/www.clinrealonline.fr\/en\/cosmetovigilance\/#breadcrumb"},"inLanguage":"en-US","potentialAction":[{"@type":"ReadAction","target":["https:\/\/www.clinrealonline.fr\/en\/cosmetovigilance\/"]}]},{"@type":"BreadcrumbList","@id":"https:\/\/www.clinrealonline.fr\/en\/cosmetovigilance\/#breadcrumb","itemListElement":[{"@type":"ListItem","position":1,"name":"Accueil","item":"https:\/\/www.clinrealonline.fr\/en\/"},{"@type":"ListItem","position":2,"name":"Cosmetovigilance"}]},{"@type":"WebSite","@id":"https:\/\/www.clinrealonline.fr\/en\/#website","url":"https:\/\/www.clinrealonline.fr\/en\/","name":"ClinReal","description":"","publisher":{"@id":"https:\/\/www.clinrealonline.fr\/en\/#organization"},"potentialAction":[{"@type":"SearchAction","target":{"@type":"EntryPoint","urlTemplate":"https:\/\/www.clinrealonline.fr\/en\/?s={search_term_string}"},"query-input":{"@type":"PropertyValueSpecification","valueRequired":true,"valueName":"search_term_string"}}],"inLanguage":"en-US"},{"@type":"Organization","@id":"https:\/\/www.clinrealonline.fr\/en\/#organization","name":"ClinReal","url":"https:\/\/www.clinrealonline.fr\/en\/","logo":{"@type":"ImageObject","inLanguage":"en-US","@id":"https:\/\/www.clinrealonline.fr\/en\/#\/schema\/logo\/image\/","url":"https:\/\/www.clinrealonline.fr\/wp-content\/uploads\/2021\/05\/Groupe-27.png","contentUrl":"https:\/\/www.clinrealonline.fr\/wp-content\/uploads\/2021\/05\/Groupe-27.png","width":161,"height":109,"caption":"ClinReal"},"image":{"@id":"https:\/\/www.clinrealonline.fr\/en\/#\/schema\/logo\/image\/"}}]}},"_links":{"self":[{"href":"https:\/\/www.clinrealonline.fr\/en\/wp-json\/wp\/v2\/pages\/4793","targetHints":{"allow":["GET"]}}],"collection":[{"href":"https:\/\/www.clinrealonline.fr\/en\/wp-json\/wp\/v2\/pages"}],"about":[{"href":"https:\/\/www.clinrealonline.fr\/en\/wp-json\/wp\/v2\/types\/page"}],"author":[{"embeddable":true,"href":"https:\/\/www.clinrealonline.fr\/en\/wp-json\/wp\/v2\/users\/2"}],"replies":[{"embeddable":true,"href":"https:\/\/www.clinrealonline.fr\/en\/wp-json\/wp\/v2\/comments?post=4793"}],"version-history":[{"count":14,"href":"https:\/\/www.clinrealonline.fr\/en\/wp-json\/wp\/v2\/pages\/4793\/revisions"}],"predecessor-version":[{"id":5307,"href":"https:\/\/www.clinrealonline.fr\/en\/wp-json\/wp\/v2\/pages\/4793\/revisions\/5307"}],"wp:attachment":[{"href":"https:\/\/www.clinrealonline.fr\/en\/wp-json\/wp\/v2\/media?parent=4793"}],"curies":[{"name":"wp","href":"https:\/\/api.w.org\/{rel}","templated":true}]}}